{"id":802,"date":"2023-01-04T09:18:06","date_gmt":"2023-01-04T08:18:06","guid":{"rendered":"https:\/\/www.bytylubica.sk\/?page_id=802"},"modified":"2025-01-30T19:23:38","modified_gmt":"2025-01-30T18:23:38","slug":"o-projekte","status":"publish","type":"page","link":"https:\/\/www.bytylubica.sk\/index.php\/o-projekte\/","title":{"rendered":"O projekte"},"content":{"rendered":"<section class=\"wpb-content-wrapper\"><p>[vc_row full_width=&#8220;stretch_row&#8220; gap=&#8220;35&#8243; css=&#8220;.vc_custom_1673442676914{background-image: url(https:\/\/www.bytylubica.sk\/wp-content\/uploads\/2023\/01\/o-projekte.jpg?id=824) !important;background-position: center !important;background-repeat: no-repeat !important;background-size: cover !important;}&#8220;][vc_column width=&#8220;1\/2&#8243;][vc_empty_space height=&#8220;100px&#8220;][vc_column_text]<\/p>\n<h1><span style=\"color: #ffffff;\"><strong>SPOZNAJTE PROJEKT<br \/>\n<\/strong><\/span><\/h1>\n<p>&nbsp;<\/p>\n<p><span style=\"font-size: large; color: #ffffff;\">Predstavujeme V\u00e1m developersk\u00fd projekt ,,NOV\u00c1 TEHEL\u0147A \u013dUBICA\u201c . N\u00e1zov projektu sa nesie v\u00a0duchu minulosti, kde kedysi na tomto mieste st\u00e1la tehel\u0148a. Developersk\u00fd projekt patr\u00ed k\u00a0najv\u00e4\u010d\u0161iemu projektu v\u00fdstavby bytov v\u00a0r\u00e1mci obce \u013dubica, ktor\u00fd odr\u00e1\u017ea trend kvalitn\u00e9ho b\u00fdvania. Z\u00e1merom developera je integrova\u0165 nov\u00fa v\u00fdstavbu do modern\u00fdch architektonick\u00fdch trendov a\u00a0z\u00e1rove\u0148 re\u0161pektova\u0165 atmosf\u00e9ru tejto \u010dasti obce. Z\u00a0poh\u013eadu pokojn\u00e9ho b\u00fdvania bl\u00edzkosti pr\u00edrody, dopravnej dostupnosti a\u00a0kompletnej ob\u010dianskej vybavenosti sa projekt ,,NOV\u00c1 TEHEL\u0147A \u013dUBICA\u201c st\u00e1va ide\u00e1lnou a\u00a0lukrat\u00edvnou vo\u013ebou na b\u00fdvanie.<\/span><\/p>\n<p><span style=\"font-size: large; color: #ffffff;\">V\u00a0projekte sa r\u00e1ta s\u00a0v\u00fdstavbou \u0161tyroch bytov\u00fdch domov, ktor\u00fd je rozdelen\u00fd na 2.etapy. V\u00a01.etape bud\u00fa dva bytov\u00e9 domy (A a\u00a0B) so spojenou podzemnou gar\u00e1\u017eou. Z\u00a0r\u00f4znorodej dispoz\u00edcie bytov si vyber\u00fa i\u00a0n\u00e1ro\u010dnej\u0161\u00ed z\u00a0V\u00e1s. Hodnotov\u00e9 dispoz\u00edcie bytov doplnen\u00e9 o\u00a0materi\u00e1ly v\u00a0nad\u0161tandardnej kvalite a\u00a0v\u00a0dlhodobo udr\u017eate\u013enom preveden\u00ed. Sedlov\u00e9 strechy bud\u00fa zapada\u0165 do horsk\u00e9ho prostredia. Bytov\u00e9 domy s\u00fa navrhnut\u00e9 ako n\u00edzko energetick\u00e9 budovy, ktor\u00e9 sp\u013a\u0148aj\u00fa energetick\u00fa triedu A0, \u010do predstavuje v\u00fdrazne ni\u017e\u0161ie n\u00e1klady na b\u00fdvanie a\u00a0energetick\u00fa \u00fasporu.<\/span><\/p>\n<p><span style=\"font-size: large; color: #ffffff;\">Jeden bytov\u00fd dom je navrhnut\u00fd ako 4 podla\u017en\u00e1 budova s\u00a01 podzemn\u00fdm podla\u017e\u00edm s\u00a0v\u00fd\u0165ahom. M\u00e1 kapacitu 32 bytov\u00fdch jednotiek. V\u00a0ponuke s\u00fa byty v\u00a0\u0161trukt\u00fare 2-izbov\u00e9 &#8211; 24 bytov a\u00a03- izbov\u00e9 \u2013 8 bytov, pivni\u010dn\u00e9 priestory. <\/span><\/p>\n<p><span style=\"font-size: large; color: #ffffff;\">Neoddelite\u013enou s\u00fa\u010das\u0165ou bude vybudovanie i\u00a0dostato\u010dn\u00e9ho mno\u017estva gar\u00e1\u017eov\u00fdch ako i\u00a0vonkaj\u0161\u00edch parkovac\u00edch st\u00e1t\u00ed. V\u00a0podzemnej gar\u00e1\u017ei sa nach\u00e1dza 25 parkovac\u00edch miest a\u00a013 vonkaj\u0161\u00edch parkovac\u00edch miest. Parkova\u0165 budete svoje auto v\u00a0gar\u00e1\u017ei priamo pod domom, vyjdete v\u00fd\u0165ahom a\u00a0vst\u00fapite do priestoru V\u00e1\u0161ho bytu, ktor\u00fd je navrhnut\u00fd iba pre V\u00e1s. <\/span><\/p>\n<p style=\"font-size: 20px;\"><span style=\"color: #ffffff;\">\u00a0<\/span><\/p>\n<p>[\/vc_column_text][vc_empty_space height=&#8220;100px&#8220;][\/vc_column][vc_column width=&#8220;1\/2&#8243;][vc_empty_space height=&#8220;100px&#8220;][vc_column_text]<\/p>\n<h1><span style=\"color: #ffffff;\">POPIS STAVBY<\/span><\/h1>\n<p>[\/vc_column_text][vc_column_text]<\/p>\n<ul>\n<li><span style=\"font-size: large; color: #ffffff;\">\u017eelezobet\u00f3nov\u00e9 pil\u00f3ty<\/span><\/li>\n<li><span style=\"font-size: large; color: #ffffff;\">monolitick\u00e9 \u017eelezobet\u00f3nov\u00e9 kon\u0161trukcie<\/span><\/li>\n<li><span style=\"font-size: large; color: #ffffff;\">obvodov\u00e9 a\u00a0v\u00fdpl\u0148ov\u00e9 murivo \u2013 p\u00e1len\u00e1 tehla<\/span><\/li>\n<li><span style=\"font-size: large; color: #ffffff;\">stre\u0161n\u00e1 kon\u0161trukcia \u2013 sedlov\u00e1 strecha, v\u00e4zn\u00edkov\u00fd krov, krytina \u2013 falcovan\u00fd plech<\/span><\/li>\n<li><span style=\"font-size: large; color: #ffffff;\">plastov\u00e9 okn\u00e1 \u2013 trojsklo, sedem komorov\u00e9, zn. Salamander <\/span><\/li>\n<li><span style=\"font-size: large; color: #ffffff;\">protipo\u017eiarne bezpe\u010dnostn\u00e9 dvere <\/span><\/li>\n<li><span style=\"font-size: large; color: #ffffff;\">zateplenie fas\u00e1dy &#8211; miner\u00e1lna vata hr. 20 cm<\/span><\/li>\n<li><span style=\"font-size: large; color: #ffffff;\">v\u00e1penno cementov\u00e9 omietky<\/span><\/li>\n<li><span style=\"font-size: large; color: #ffffff;\">piesko cementov\u00e9 podlahy<\/span><\/li>\n<li><span style=\"font-size: large; color: #ffffff;\">plynov\u00e9 teplovodn\u00e9 podlahov\u00e9 vykurovanie zn. HERZ <\/span><\/li>\n<li><span style=\"font-size: large; color: #ffffff;\">rozvody elektroin\u0161tal\u00e1cie &#8211; isti\u010de, vyp\u00edna\u010de, z\u00e1suvky<\/span><\/li>\n<li><span style=\"font-size: large; color: #ffffff;\">telekomunik\u00e1cie \u2013 k\u00e1blov\u00e1 TV, internet<\/span><\/li>\n<li><span style=\"font-size: large;\"><span style=\"color: #ffffff;\">pr\u00edstupov\u00e9 cestn\u00e9 komunik\u00e1cie, in\u017einierske siete \u2013 voda, kan\u00e1l, plyn, elektrina, optika<\/span> <\/span><\/li>\n<\/ul>\n<p>[\/vc_column_text][\/vc_column][\/vc_row][vc_row gap=&#8220;35&#8243; css=&#8220;.vc_custom_1672819617392{padding-top: 200px !important;padding-bottom: 200px !important;}&#8220;][vc_column width=&#8220;1\/4&#8243;][lab_service_box][vc_icon icon_linea=&#8220;icon-basic-lock&#8220;][lab_service_box_content title=&#8220;Parkovanie v podzemnej gar\u00e1\u017ei pod bytov\u00fdm domom&#8220;][\/lab_service_box][lab_service_box][vc_icon icon_linea=&#8220;icon-ecommerce-wallet&#8220;][lab_service_box_content title=&#8220;Bytov\u00fd dom s energetickou triedou A0&#8243;][\/lab_service_box][\/vc_column][vc_column width=&#8220;1\/4&#8243;][lab_service_box][vc_icon icon_linea=&#8220;icon-basic-share&#8220;][lab_service_box_content title=&#8220;Dobr\u00e1 ob\u010dianska vybavenos\u0165&#8220;][\/lab_service_box][lab_service_box][vc_icon icon_linea=&#8220;icon-music-mixer&#8220;][lab_service_box_content title=&#8220;V\u00fd\u0165ah&#8220;][\/lab_service_box][\/vc_column][vc_column width=&#8220;1\/4&#8243;][lab_service_box][vc_icon icon_linea=&#8220;icon-ecommerce-euro&#8220;][lab_service_box_content title=&#8220;Jedine\u010dn\u00e1 investi\u010dna pr\u00edle\u017eitos\u0165&#8220;][\/lab_service_box][lab_service_box][vc_icon icon_linea=&#8220;icon-basic-heart&#8220;][lab_service_box_content title=&#8220;Atrakt\u00edvna lokalita na b\u00fdvanie&#8220;][\/lab_service_box][\/vc_column][vc_column width=&#8220;1\/4&#8243;][lab_service_box][vc_icon icon_linea=&#8220;icon-ecommerce-bag-check&#8220;][lab_service_box_content title=&#8220;Pivnica v cene&#8220;][\/lab_service_box][\/vc_column][\/vc_row][vc_row][vc_column][vc_empty_space height=&#8220;150&#8243;][\/vc_column][\/vc_row][vc_row full_width=&#8220;stretch_row&#8220; content_placement=&#8220;middle&#8220;][vc_column width=&#8220;1\/4&#8243;][vc_column_text]<\/p>\n<h1><span style=\"color: #000000;\">ATRAKT\u00cdVNA LOKALITA<br \/>\n<\/span><\/h1>\n<p>&nbsp;<\/p>\n<p><span style=\"font-size: large; color: #333333;\">Obec \u013dubica le\u017e\u00ed <strong>na severov\u00fdchode Slovenska pod Vysok\u00fdmi Tatrami<\/strong> v nadmorskej v\u00fd\u0161ke 630 m v tesnej bl\u00edzkosti okresn\u00e9ho mesta Ke\u017emarok.<\/span>[\/vc_column_text][vc_empty_space height=&#8220;100&#8243;][vc_single_image image=&#8220;871&#8243; img_size=&#8220;full&#8220; alignment=&#8220;right&#8220;][\/vc_column][vc_column width=&#8220;3\/4&#8243;][vc_single_image image=&#8220;1139&#8243; img_size=&#8220;full&#8220;][\/vc_column][\/vc_row][vc_row][vc_column][vc_empty_space height=&#8220;200&#8243;][\/vc_column][\/vc_row][vc_row full_width=&#8220;stretch_row&#8220; gap=&#8220;35&#8243; content_placement=&#8220;middle&#8220;][vc_column width=&#8220;1\/2&#8243;][vc_column_text]<\/p>\n<h1><span style=\"color: #000000;\">PONUKA BYTOV<\/span><\/h1>\n<p>&nbsp;<\/p>\n<p><span style=\"font-size: large; color: #333333;\"><strong>V\u00a0projekte sa r\u00e1ta s\u00a0v\u00fdstavbou \u0161tyroch bytov\u00fdch domov<\/strong>, ktor\u00fd je rozdelen\u00fd na 2.etapy. V 1.etape bud\u00fa dva bytov\u00e9 domy (A a B) so spojenou podzemnou gar\u00e1\u017eou.<br \/>\n<\/span><\/p>\n<p><span style=\"color: #000000;\"><span style=\"font-size: large; color: #333333;\"><strong>Jeden bytov\u00fd dom m\u00e1 kapacitu 32 bytov\u00fdch jednotiek. <\/strong><\/span><span style=\"font-size: large;\"><span style=\"color: #333333;\">V\u00a0ponuke s\u00fa byty v\u00a0\u0161trukt\u00fare <strong>2-izbov\u00e9 &#8211; 24 bytov<\/strong> a\u00a0<strong>3- izbov\u00e9 \u2013 8 bytov<\/strong>, pivni\u010dn\u00e9 priestory.<\/span> <\/span><\/span><\/p>\n<p><span style=\"font-size: large; color: #000000;\">\u00a0<\/span>[\/vc_column_text][vc_btn title=&#8220;Pozrie\u0165 ponuku bytov&#8220; style=&#8220;outline&#8220; shape=&#8220;round&#8220; color=&#8220;black&#8220; size=&#8220;lg&#8220; link=&#8220;url:https%3A%2F%2Fwww.bytylubica.sk%2Findex.php%2Fponuka-bytov%2F|title:O%20projekte&#8220;][\/vc_column][vc_column width=&#8220;1\/2&#8243;][vc_single_image image=&#8220;815&#8243; img_size=&#8220;full&#8220; alignment=&#8220;center&#8220;][\/vc_column][\/vc_row][vc_row][vc_column][vc_empty_space height=&#8220;200&#8243;][\/vc_column][\/vc_row][vc_row full_width=&#8220;stretch_row&#8220; css=&#8220;.vc_custom_1673448645722{background-color: #d6d6d6 !important;}&#8220;][vc_column][vc_empty_space height=&#8220;100&#8243;][vc_column_text]<\/p>\n<h1 style=\"text-align: center;\">Predpokladan\u00fd harmonogram<\/h1>\n<h1 style=\"text-align: center;\">v\u00fdstavby 1. etapy Bytov\u00fd dom A<\/h1>\n<p>[\/vc_column_text][\/vc_column][\/vc_row][vc_row full_width=&#8220;stretch_row&#8220; css=&#8220;.vc_custom_1673448638204{background-color: #d6d6d6 !important;}&#8220;][vc_column width=&#8220;1\/3&#8243;][vc_single_image image=&#8220;1311&#8243; img_size=&#8220;full&#8220;][\/vc_column][vc_column width=&#8220;1\/3&#8243;][vc_single_image image=&#8220;1312&#8243; img_size=&#8220;full&#8220;][\/vc_column][vc_column width=&#8220;1\/3&#8243;][vc_single_image image=&#8220;1313&#8243; img_size=&#8220;full&#8220;][\/vc_column][\/vc_row][vc_row][vc_column][vc_empty_space height=&#8220;100&#8243;][\/vc_column][\/vc_row][vc_row full_width=&#8220;stretch_row&#8220; gap=&#8220;35&#8243;][vc_column width=&#8220;1\/2&#8243;][vc_column_text]<\/p>\n<h1><span style=\"color: #000000;\">O DEVELOPEROVI<\/span><\/h1>\n<p>&nbsp;<\/p>\n<p style=\"font-size: 20px;\"><span style=\"color: #333333;\"><strong>Investor projektu spolo\u010dnos\u0165 MK STAVBY 2, s.r.o. <\/strong> vznikla z dvoch samostatn\u00fdch podnikate\u013esk\u00fdch subjektov Invest Harm\u00f3nia, s.r.o. a\u00a0MK STAVBY s.r.o. p\u00f4sobiacich v\u00a0stavebnej a\u00a0developerskej \u010dinnosti.<br \/>\nFilozofiou n\u00e1s ako developera je integrova\u0165 nov\u00fa v\u00fdstavbu do modern\u00fdch architektonick\u00fdch trendov a z\u00e1rove\u0148 re\u0161pektova\u0165 atmosf\u00e9ru okolia. K svojim z\u00e1kazn\u00edkom a partnerom sa spr\u00e1vame v\u017edy korektne a \u010destne.<\/span><\/p>\n<p>[\/vc_column_text][\/vc_column][vc_column width=&#8220;1\/2&#8243;][vc_single_image image=&#8220;1398&#8243; img_size=&#8220;400&#215;172&#8243; alignment=&#8220;center&#8220;][\/vc_column][\/vc_row][vc_row full_width=&#8220;stretch_row&#8220;][vc_column][vc_empty_space height=&#8220;100&#8243;][\/vc_column][\/vc_row][vc_row full_width=&#8220;stretch_row&#8220; css=&#8220;.vc_custom_1670325276508{background-color: #5f8585 !important;}&#8220;][vc_column][vc_empty_space height=&#8220;100&#8243;][vc_column_text]<\/p>\n<h1 style=\"text-align: center;\"><span style=\"color: #ffffff;\"><strong>Kontaktujte n\u00e1s<\/strong><br \/>\n<\/span><\/h1>\n<h3 style=\"text-align: center;\"><span style=\"color: #ffffff;\">Mana\u017e\u00e9r predaja projektu<\/span><\/h3>\n<h3 style=\"text-align: center;\"><span style=\"color: #ffffff;\">info@bytylubica.sk<\/span><br \/>\n<span style=\"color: #ffffff;\">tel.: +421 940 706 688<\/span><\/h3>\n<p>[\/vc_column_text][vc_empty_space height=&#8220;100&#8243;][\/vc_column][\/vc_row]<\/p>\n<\/section>","protected":false},"excerpt":{"rendered":"<p>[vc_row full_width=&#8220;stretch_row&#8220; gap=&#8220;35&#8243; css=&#8220;.vc_custom_1673442676914{background-image: url(https:\/\/www.bytylubica.sk\/wp-content\/uploads\/2023\/01\/o-projekte.jpg?id=824) !important;background-position: center !important;background-repeat: no-repeat !important;background-size: cover !important;}&#8220;][vc_column width=&#8220;1\/2&#8243;][vc_empty_space height=&#8220;100px&#8220;][vc_column_text] SPOZNAJTE PROJEKT &nbsp; Predstavujeme V\u00e1m developersk\u00fd projekt ,,NOV\u00c1 TEHEL\u0147A \u013dUBICA\u201c . N\u00e1zov projektu sa nesie v\u00a0duchu minulosti, kde kedysi na tomto mieste st\u00e1la tehel\u0148a. Developersk\u00fd projekt patr\u00ed k\u00a0najv\u00e4\u010d\u0161iemu projektu v\u00fdstavby bytov v\u00a0r\u00e1mci obce \u013dubica, ktor\u00fd odr\u00e1\u017ea trend kvalitn\u00e9ho b\u00fdvania. Z\u00e1merom developera&hellip;<\/p>\n","protected":false},"author":1,"featured_media":0,"parent":0,"menu_order":0,"comment_status":"closed","ping_status":"closed","template":"","meta":{"content-type":"","footnotes":""},"class_list":["post-802","page","type-page","status-publish","hentry"],"acf":[],"yoast_head":"<!-- This site is optimized with the Yoast SEO plugin v19.11 - https:\/\/yoast.com\/wordpress\/plugins\/seo\/ -->\n<title>O projekte - bytylubica<\/title>\n<meta name=\"robots\" content=\"index, follow, max-snippet:-1, max-image-preview:large, max-video-preview:-1\" \/>\n<link rel=\"canonical\" href=\"https:\/\/www.bytylubica.sk\/index.php\/o-projekte\/\" \/>\n<meta property=\"og:locale\" content=\"sk_SK\" \/>\n<meta property=\"og:type\" content=\"article\" \/>\n<meta property=\"og:title\" content=\"O projekte - bytylubica\" \/>\n<meta property=\"og:description\" content=\"[vc_row full_width=&#8220;stretch_row&#8220; gap=&#8220;35&#8243; css=&#8220;.vc_custom_1673442676914{background-image: url(https:\/\/www.bytylubica.sk\/wp-content\/uploads\/2023\/01\/o-projekte.jpg?id=824) !important;background-position: center !important;background-repeat: no-repeat !important;background-size: cover !important;}&#8220;][vc_column width=&#8220;1\/2&#8243;][vc_empty_space height=&#8220;100px&#8220;][vc_column_text] SPOZNAJTE PROJEKT &nbsp; Predstavujeme V\u00e1m developersk\u00fd projekt ,,NOV\u00c1 TEHEL\u0147A \u013dUBICA\u201c . N\u00e1zov projektu sa nesie v\u00a0duchu minulosti, kde kedysi na tomto mieste st\u00e1la tehel\u0148a. Developersk\u00fd projekt patr\u00ed k\u00a0najv\u00e4\u010d\u0161iemu projektu v\u00fdstavby bytov v\u00a0r\u00e1mci obce \u013dubica, ktor\u00fd odr\u00e1\u017ea trend kvalitn\u00e9ho b\u00fdvania. Z\u00e1merom developera&hellip;\" \/>\n<meta property=\"og:url\" content=\"https:\/\/www.bytylubica.sk\/index.php\/o-projekte\/\" \/>\n<meta property=\"og:site_name\" content=\"bytylubica\" \/>\n<meta property=\"article:modified_time\" content=\"2025-01-30T18:23:38+00:00\" \/>\n<meta name=\"twitter:card\" content=\"summary_large_image\" \/>\n<meta name=\"twitter:label1\" content=\"Predpokladan\u00fd \u010das \u010d\u00edtania\" \/>\n\t<meta name=\"twitter:data1\" content=\"4 min\u00faty\" \/>\n<script type=\"application\/ld+json\" class=\"yoast-schema-graph\">{\"@context\":\"https:\/\/schema.org\",\"@graph\":[{\"@type\":\"WebPage\",\"@id\":\"https:\/\/www.bytylubica.sk\/index.php\/o-projekte\/\",\"url\":\"https:\/\/www.bytylubica.sk\/index.php\/o-projekte\/\",\"name\":\"O projekte - bytylubica\",\"isPartOf\":{\"@id\":\"https:\/\/www.bytylubica.sk\/#website\"},\"datePublished\":\"2023-01-04T08:18:06+00:00\",\"dateModified\":\"2025-01-30T18:23:38+00:00\",\"breadcrumb\":{\"@id\":\"https:\/\/www.bytylubica.sk\/index.php\/o-projekte\/#breadcrumb\"},\"inLanguage\":\"sk-SK\",\"potentialAction\":[{\"@type\":\"ReadAction\",\"target\":[\"https:\/\/www.bytylubica.sk\/index.php\/o-projekte\/\"]}]},{\"@type\":\"BreadcrumbList\",\"@id\":\"https:\/\/www.bytylubica.sk\/index.php\/o-projekte\/#breadcrumb\",\"itemListElement\":[{\"@type\":\"ListItem\",\"position\":1,\"name\":\"Home\",\"item\":\"https:\/\/www.bytylubica.sk\/\"},{\"@type\":\"ListItem\",\"position\":2,\"name\":\"O projekte\"}]},{\"@type\":\"WebSite\",\"@id\":\"https:\/\/www.bytylubica.sk\/#website\",\"url\":\"https:\/\/www.bytylubica.sk\/\",\"name\":\"bytylubica\",\"description\":\"\",\"potentialAction\":[{\"@type\":\"SearchAction\",\"target\":{\"@type\":\"EntryPoint\",\"urlTemplate\":\"https:\/\/www.bytylubica.sk\/?s={search_term_string}\"},\"query-input\":\"required name=search_term_string\"}],\"inLanguage\":\"sk-SK\"}]}<\/script>\n<!-- \/ Yoast SEO plugin. -->","yoast_head_json":{"title":"O projekte - bytylubica","robots":{"index":"index","follow":"follow","max-snippet":"max-snippet:-1","max-image-preview":"max-image-preview:large","max-video-preview":"max-video-preview:-1"},"canonical":"https:\/\/www.bytylubica.sk\/index.php\/o-projekte\/","og_locale":"sk_SK","og_type":"article","og_title":"O projekte - bytylubica","og_description":"[vc_row full_width=&#8220;stretch_row&#8220; gap=&#8220;35&#8243; css=&#8220;.vc_custom_1673442676914{background-image: url(https:\/\/www.bytylubica.sk\/wp-content\/uploads\/2023\/01\/o-projekte.jpg?id=824) !important;background-position: center !important;background-repeat: no-repeat !important;background-size: cover !important;}&#8220;][vc_column width=&#8220;1\/2&#8243;][vc_empty_space height=&#8220;100px&#8220;][vc_column_text] SPOZNAJTE PROJEKT &nbsp; Predstavujeme V\u00e1m developersk\u00fd projekt ,,NOV\u00c1 TEHEL\u0147A \u013dUBICA\u201c . N\u00e1zov projektu sa nesie v\u00a0duchu minulosti, kde kedysi na tomto mieste st\u00e1la tehel\u0148a. Developersk\u00fd projekt patr\u00ed k\u00a0najv\u00e4\u010d\u0161iemu projektu v\u00fdstavby bytov v\u00a0r\u00e1mci obce \u013dubica, ktor\u00fd odr\u00e1\u017ea trend kvalitn\u00e9ho b\u00fdvania. Z\u00e1merom developera&hellip;","og_url":"https:\/\/www.bytylubica.sk\/index.php\/o-projekte\/","og_site_name":"bytylubica","article_modified_time":"2025-01-30T18:23:38+00:00","twitter_card":"summary_large_image","twitter_misc":{"Predpokladan\u00fd \u010das \u010d\u00edtania":"4 min\u00faty"},"schema":{"@context":"https:\/\/schema.org","@graph":[{"@type":"WebPage","@id":"https:\/\/www.bytylubica.sk\/index.php\/o-projekte\/","url":"https:\/\/www.bytylubica.sk\/index.php\/o-projekte\/","name":"O projekte - bytylubica","isPartOf":{"@id":"https:\/\/www.bytylubica.sk\/#website"},"datePublished":"2023-01-04T08:18:06+00:00","dateModified":"2025-01-30T18:23:38+00:00","breadcrumb":{"@id":"https:\/\/www.bytylubica.sk\/index.php\/o-projekte\/#breadcrumb"},"inLanguage":"sk-SK","potentialAction":[{"@type":"ReadAction","target":["https:\/\/www.bytylubica.sk\/index.php\/o-projekte\/"]}]},{"@type":"BreadcrumbList","@id":"https:\/\/www.bytylubica.sk\/index.php\/o-projekte\/#breadcrumb","itemListElement":[{"@type":"ListItem","position":1,"name":"Home","item":"https:\/\/www.bytylubica.sk\/"},{"@type":"ListItem","position":2,"name":"O projekte"}]},{"@type":"WebSite","@id":"https:\/\/www.bytylubica.sk\/#website","url":"https:\/\/www.bytylubica.sk\/","name":"bytylubica","description":"","potentialAction":[{"@type":"SearchAction","target":{"@type":"EntryPoint","urlTemplate":"https:\/\/www.bytylubica.sk\/?s={search_term_string}"},"query-input":"required name=search_term_string"}],"inLanguage":"sk-SK"}]}},"_links":{"self":[{"href":"https:\/\/www.bytylubica.sk\/index.php\/wp-json\/wp\/v2\/pages\/802","targetHints":{"allow":["GET"]}}],"collection":[{"href":"https:\/\/www.bytylubica.sk\/index.php\/wp-json\/wp\/v2\/pages"}],"about":[{"href":"https:\/\/www.bytylubica.sk\/index.php\/wp-json\/wp\/v2\/types\/page"}],"author":[{"embeddable":true,"href":"https:\/\/www.bytylubica.sk\/index.php\/wp-json\/wp\/v2\/users\/1"}],"replies":[{"embeddable":true,"href":"https:\/\/www.bytylubica.sk\/index.php\/wp-json\/wp\/v2\/comments?post=802"}],"version-history":[{"count":38,"href":"https:\/\/www.bytylubica.sk\/index.php\/wp-json\/wp\/v2\/pages\/802\/revisions"}],"predecessor-version":[{"id":2188,"href":"https:\/\/www.bytylubica.sk\/index.php\/wp-json\/wp\/v2\/pages\/802\/revisions\/2188"}],"wp:attachment":[{"href":"https:\/\/www.bytylubica.sk\/index.php\/wp-json\/wp\/v2\/media?parent=802"}],"curies":[{"name":"wp","href":"https:\/\/api.w.org\/{rel}","templated":true}]}}