{"id":1777,"date":"2025-01-22T11:32:06","date_gmt":"2025-01-22T10:32:06","guid":{"rendered":"https:\/\/www.bytylubica.sk\/?page_id=1777"},"modified":"2025-05-28T10:52:02","modified_gmt":"2025-05-28T08:52:02","slug":"byt_b_4-4-2-2","status":"publish","type":"page","link":"https:\/\/www.bytylubica.sk\/index.php\/byt_b_4-4-2-2\/","title":{"rendered":"Byt_B_4.4"},"content":{"rendered":"<section class=\"wpb-content-wrapper\"><p>[vc_row][vc_column][vc_empty_space height=&#8220;160&#8243;][\/vc_column][\/vc_row][vc_row][vc_column width=&#8220;1\/4&#8243;][vc_column_text]<\/p>\n<h1><span style=\"color: #5f8585;\"><strong>2-izbov\u00fd byt B4.4<br \/>\n<\/strong><\/span><\/h1>\n<p>bytov\u00fd dom B | 4 podla\u017eie | <strong>REZERVOVAN\u00dd<\/strong>[\/vc_column_text][\/vc_column][vc_column width=&#8220;1\/2&#8243;][vc_column_text]<\/p>\n<p style=\"text-align: center;\"><div id=\"footable_parent_1859\"\n         class=\" footable_parent ninja_table_wrapper loading_ninja_table wp_table_data_press_parent semantic_ui colored_table\">\n                <table data-ninja_table_instance=\"ninja_table_instance_0\" data-footable_id=\"1859\" data-filter-delay=\"1000\" aria-label=\"hlavicka_B4.4\"            id=\"footable_1859\"\n           data-unique_identifier=\"ninja_table_unique_id_1565055359_1859\"\n           class=\" foo-table ninja_footable foo_table_1859 ninja_table_unique_id_1565055359_1859 ui table  nt_type_legacy_table ninja_custom_color inverted footable-paging-left hide_all_borders ninjatable_hide_header_row ninja_table_search_disabled ninja_table_pro\">\n                <colgroup>\n                            <col class=\"ninja_column_0 \">\n                            <col class=\"ninja_column_1 \">\n                            <col class=\"ninja_column_2 \">\n                    <\/colgroup>\n        <thead>\n<tr class=\"footable-header\">\n                                                        <th scope=\"col\"  class=\"ninja_column_0 ninja_clmn_nm_interier \">Interier<\/th><th scope=\"col\"  class=\"ninja_column_1 ninja_clmn_nm_exterier \">Exterier<\/th><th scope=\"col\"  class=\"ninja_column_2 ninja_clmn_nm_celkova_plocha \">Celkova plocha<\/th><\/tr>\n<\/thead>\n<tbody>\n\n        <tr data-row_id=\"2565\" class=\"ninja_table_row_0 nt_row_id_2565\">\n            <td><h2>55 m\u00b2<\/h2><\/td><td><h2>4,50m\u00b2<\/h2><\/td><td><h2>59,50m\u00b2<\/h2><\/td>        <\/tr>\n            <tr data-row_id=\"2566\" class=\"ninja_table_row_1 nt_row_id_2566\">\n            <td>Interi\u00e9r<\/td><td>Exteri\u00e9r<\/td><td>Celkov\u00e1 plocha<\/td>        <\/tr>\n    <\/tbody><!--ninja_tobody_rendering_done-->\n    <\/table>\n                    <style type=\"text\/css\" id='ninja_table_custom_css_1859'>\n                        #footable_1859  {\n        font-family: sans-serif;\n        font-size: 17px;\n    }\n#footable_1859,\n#footable_1859 table {\n    background-color:  !important;\n    color: rgba(95, 133, 133, 1) !important;\n    border-color:  !important;\n}\n#footable_1859 thead tr.footable-filtering th {\n    background-color:  !important;\n    color:  !important;\n}\n#footable_1859:not(.hide_all_borders) thead tr.footable-filtering th {\n        border : 1px solid transparent !important;\n    }\n#footable_1859 .input-group-btn:last-child > .btn:not(:last-child):not(.dropdown-toggle) {\n    background-color:  !important;\n    color:  !important;\n}\n#footable_1859 tr.footable-header, #footable_1859 tr.footable-header th, .colored_table table.ninja_table_pro.inverted.table.footable-details tbody tr th {\n    background-color:  !important;\n    color: rgba(95, 133, 133, 1) !important;\n}\n\n#footable_1859 tbody tr:hover {\n    background-color:  !important;\n    color:  !important;\n}\n#footable_1859 tbody tr:hover td {\n    border-color:  !important;\n}\n\n#footable_1859 tfoot .footable-paging {\n    background-color:  !important;\n}\n#footable_1859 tfoot .footable-paging .footable-page.active a {\n    background-color:  !important;\n}\n#footable_1859:not(.hide_all_borders) tfoot tr.footable-paging td {\n    border-color:  !important;\n}\n\n#footable_1859 td.ninja_column_0 { text-align: center; }#footable_1859 th.ninja_column_0 { text-align: center; }#footable_1859 td.ninja_column_1 { text-align: center; }#footable_1859 td.ninja_column_2 { text-align: center; }                <\/style>\n                \n    \n    \n<\/div>\n<p>[\/vc_column_text][\/vc_column][vc_column width=&#8220;1\/4&#8243;][vc_column_text css=&#8220;.vc_custom_1736171642638{padding-right: 0px !important;}&#8220;]<\/p>\n<h1><\/h1>\n<p style=\"text-align: left;\"><div id=\"image-map-pro-3893\"><\/div>\n<p>[\/vc_column_text][\/vc_column][\/vc_row][vc_row full_width=&#8220;stretch_row&#8220;][vc_column width=&#8220;1\/2&#8243;][vc_single_image image=&#8220;1946&#8243; img_size=&#8220;full&#8220; alignment=&#8220;center&#8220;][\/vc_column][vc_column width=&#8220;1\/2&#8243;][vc_tta_tabs style=&#8220;classic&#8220; color=&#8220;black&#8220; active_section=&#8220;1&#8243;][vc_tta_section title=&#8220;PREH\u013dAD&#8220; tab_id=&#8220;1670326892474-ff34906e-02d1&#8243;][vc_column_text]<div id=\"footable_parent_1776\"\n         class=\" footable_parent ninja_table_wrapper loading_ninja_table wp_table_data_press_parent semantic_ui colored_table\">\n                <table data-ninja_table_instance=\"ninja_table_instance_1\" data-footable_id=\"1776\" data-filter-delay=\"1000\" aria-label=\"byt_B_4.4\"            id=\"footable_1776\"\n           data-unique_identifier=\"ninja_table_unique_id_1401384208_1776\"\n           class=\" foo-table ninja_footable foo_table_1776 ninja_table_unique_id_1401384208_1776 ui table  ninja_search_center nt_type_legacy_table ninja_custom_color inverted footable-paging-center hide_all_borders ninjatable_hide_header_row ninja_table_search_disabled ninja_table_pro\">\n                <colgroup>\n                            <col class=\"ninja_column_0 \">\n                            <col class=\"ninja_column_1 \">\n                            <col class=\"ninja_column_2 \">\n                    <\/colgroup>\n        <thead>\n<tr class=\"footable-header\">\n                                                        <th scope=\"col\"  class=\"ninja_column_0 ninja_clmn_nm_a \">A<\/th><th scope=\"col\"  class=\"ninja_column_1 ninja_clmn_nm_dispozicia_bytu \"><h2>S<\/h2><\/th><th scope=\"col\"  class=\"ninja_column_2 ninja_clmn_nm_b \">B<\/th><\/tr>\n<\/thead>\n<tbody>\n\n        <tr data-row_id=\"2365\" class=\"ninja_table_row_0 nt_row_id_2365\">\n            <td><\/td><td><strong>Dispoz\u00edcia bytu<\/strong><\/td><td><\/td>        <\/tr>\n            <tr data-row_id=\"2366\" class=\"ninja_table_row_1 nt_row_id_2366\">\n            <td>4,41<\/td><td>Chodba<\/td><td>7,89m\u00b2<\/td>        <\/tr>\n            <tr data-row_id=\"2367\" class=\"ninja_table_row_2 nt_row_id_2367\">\n            <td>4,42<\/td><td>Izba<\/td><td>14,63m\u00b2<\/td>        <\/tr>\n            <tr data-row_id=\"2368\" class=\"ninja_table_row_3 nt_row_id_2368\">\n            <td>4,43<\/td><td>Ob\u00fdva\u010dka<\/td><td>21,21m\u00b2<\/td>        <\/tr>\n            <tr data-row_id=\"2369\" class=\"ninja_table_row_4 nt_row_id_2369\">\n            <td>4,44<\/td><td>Kuchy\u0148a<\/td><td>6,00m\u00b2<\/td>        <\/tr>\n            <tr data-row_id=\"2370\" class=\"ninja_table_row_5 nt_row_id_2370\">\n            <td>4,45<\/td><td>K\u00fape\u013e\u0148a<\/td><td>3,80m\u00b2<\/td>        <\/tr>\n            <tr data-row_id=\"2371\" class=\"ninja_table_row_6 nt_row_id_2371\">\n            <td>4,46<\/td><td>WC<\/td><td>1,40m\u00b2<\/td>        <\/tr>\n            <tr data-row_id=\"2372\" class=\"ninja_table_row_7 nt_row_id_2372\">\n            <td>SPOLU<\/td><td>INTERI\u00c9R<\/td><td>55,00m\u00b2<\/td>        <\/tr>\n            <tr data-row_id=\"2373\" class=\"ninja_table_row_8 nt_row_id_2373\">\n            <td>4,47<\/td><td>Balk\u00f3n<\/td><td>4,50m\u00b2<\/td>        <\/tr>\n            <tr data-row_id=\"2374\" class=\"ninja_table_row_9 nt_row_id_2374\">\n            <td>SPOLU<\/td><td>EXTERI\u00c9R<\/td><td>4,50m\u00b2<\/td>        <\/tr>\n            <tr data-row_id=\"2375\" class=\"ninja_table_row_10 nt_row_id_2375\">\n            <td>SPOLU<\/td><td><\/td><td>59,50m\u00b2<\/td>        <\/tr>\n    <\/tbody><!--ninja_tobody_rendering_done-->\n    <\/table>\n                    <style type=\"text\/css\" id='ninja_table_custom_css_1859'>\n                        #footable_1859  {\n        font-family: sans-serif;\n        font-size: 17px;\n    }\n#footable_1859,\n#footable_1859 table {\n    background-color:  !important;\n    color: rgba(95, 133, 133, 1) !important;\n    border-color:  !important;\n}\n#footable_1859 thead tr.footable-filtering th {\n    background-color:  !important;\n    color:  !important;\n}\n#footable_1859:not(.hide_all_borders) thead tr.footable-filtering th {\n        border : 1px solid transparent !important;\n    }\n#footable_1859 .input-group-btn:last-child > .btn:not(:last-child):not(.dropdown-toggle) {\n    background-color:  !important;\n    color:  !important;\n}\n#footable_1859 tr.footable-header, #footable_1859 tr.footable-header th, .colored_table table.ninja_table_pro.inverted.table.footable-details tbody tr th {\n    background-color:  !important;\n    color: rgba(95, 133, 133, 1) !important;\n}\n\n#footable_1859 tbody tr:hover {\n    background-color:  !important;\n    color:  !important;\n}\n#footable_1859 tbody tr:hover td {\n    border-color:  !important;\n}\n\n#footable_1859 tfoot .footable-paging {\n    background-color:  !important;\n}\n#footable_1859 tfoot .footable-paging .footable-page.active a {\n    background-color:  !important;\n}\n#footable_1859:not(.hide_all_borders) tfoot tr.footable-paging td {\n    border-color:  !important;\n}\n\n#footable_1859 td.ninja_column_0 { text-align: center; }#footable_1859 th.ninja_column_0 { text-align: center; }#footable_1859 td.ninja_column_1 { text-align: center; }#footable_1859 td.ninja_column_2 { text-align: center; }                <\/style>\n                                <style type=\"text\/css\" id='ninja_table_custom_css_1776'>\n                        #footable_1776  {\n        font-family: sans-serif;\n        font-size: 17px;\n    }\n#footable_1776,\n#footable_1776 table {\n    background-color:  !important;\n    color: rgba(95, 133, 133, 1) !important;\n    border-color:  !important;\n}\n#footable_1776 thead tr.footable-filtering th {\n    background-color:  !important;\n    color:  !important;\n}\n#footable_1776:not(.hide_all_borders) thead tr.footable-filtering th {\n        border : 1px solid transparent !important;\n    }\n#footable_1776 .input-group-btn:last-child > .btn:not(:last-child):not(.dropdown-toggle) {\n    background-color:  !important;\n    color:  !important;\n}\n#footable_1776 tr.footable-header, #footable_1776 tr.footable-header th, .colored_table table.ninja_table_pro.inverted.table.footable-details tbody tr th {\n    background-color:  !important;\n    color:  !important;\n}\n\n#footable_1776 tbody tr:hover {\n    background-color:  !important;\n    color:  !important;\n}\n#footable_1776 tbody tr:hover td {\n    border-color:  !important;\n}\n#footable_1776 tbody tr:nth-child(even) {\n    background-color: rgba(241, 241, 241, 1) !important;\n    color:  !important;\n}\n#footable_1776 tbody tr:nth-child(odd) {\n    background-color: rgba(222, 222, 222, 1) !important;\n    color:  !important;\n}\n#footable_1776 tbody tr:nth-child(even):hover {\n    background-color:  !important;\n}\n#footable_1776 tbody tr:nth-child(odd):hover {\n    background-color:  !important;\n}\n\n#footable_1776 tfoot .footable-paging {\n    background-color:  !important;\n}\n#footable_1776 tfoot .footable-paging .footable-page.active a {\n    background-color:  !important;\n}\n#footable_1776:not(.hide_all_borders) tfoot tr.footable-paging td {\n    border-color:  !important;\n}\n\n#footable_parent_1776 {\n\n  height: 700px;\n    \n \/* Write More css properties if you want *\/\n}#footable_1776 td.ninja_column_0 { text-align: center; }#footable_1776 th.ninja_column_0 { text-align: center; }#footable_1776 td.ninja_column_1 { text-align: center; }#footable_1776 th.ninja_column_1 { text-align: center; }#footable_1776 td.ninja_column_2 { text-align: center; }#footable_1776 th.ninja_column_2 { text-align: center; }                <\/style>\n                \n    \n    \n<\/div>\n[\/vc_column_text][\/vc_tta_section][vc_tta_section title=&#8220;\u0160TANDARD A PARKOVANIE&#8220; tab_id=&#8220;1670326892493-612f8cee-17e1&#8243;][vc_column_text]Byt sa pred\u00e1va v \u0161t\u00e1diu holobyt s pivnicou o v\u00fdmere 2,5 m<sup>2<\/sup>. Pivnica je zahrnut\u00e1 v\u00a0cene bytu.<\/p>\n<p>Parkovacie st\u00e1tie nie je zahrnut\u00e9 v cene bytu. Parkovacie st\u00e1tie je povinn\u00e9 zak\u00fapi\u0165 ku ka\u017ed\u00e9mu bytu.<\/p>\n<p>Mo\u017enos\u0165 v\u00fdberu parkovacieho st\u00e1tia v gar\u00e1\u017ei alebo vonkaj\u0161ieho st\u00e1tia pred bytov\u00fdm domom.<\/p>\n<p>Cena jedn\u00e9ho parkovacieho st\u00e1tia v gar\u00e1\u017ei pod bytov\u00fdm domom je od 11 500 &#8211; 15 500 EUR<\/p>\n<p>Cena jedn\u00e9ho parkovacieho st\u00e1tia pred bytov\u00fdm domom je v cene 5 500 EUR[\/vc_column_text][\/vc_tta_section][\/vc_tta_tabs][vc_btn title=&#8220;M\u00c1M Z\u00c1UJEM&#8220; style=&#8220;custom&#8220; custom_background=&#8220;#9e4f4c&#8220; custom_text=&#8220;#ffffff&#8220; shape=&#8220;square&#8220; size=&#8220;lg&#8220; align=&#8220;center&#8220; button_block=&#8220;true&#8220; custom_onclick=&#8220;true&#8220; custom_onclick_code=&#8220;window.scrollTo(window.scrollX, window.scrollY + 500);&#8220;][vc_btn title=&#8220;STIAHN\u00da\u0164 P\u00d4DORYS&#8220; style=&#8220;custom&#8220; custom_background=&#8220;#5f8585&#8243; custom_text=&#8220;#ffffff&#8220; shape=&#8220;square&#8220; size=&#8220;lg&#8220; align=&#8220;center&#8220; button_block=&#8220;true&#8220; custom_onclick=&#8220;true&#8220; link=&#8220;url:https%3A%2F%2Fwww.bytylubica.sk%2Fwp-content%2Fuploads%2F2025%2F01%2FB_4NP_V2_4.04.pdf|target:_blank&#8220;][\/vc_column][\/vc_row][vc_row][vc_column][vc_empty_space height=&#8220;100&#8243;][\/vc_column][\/vc_row][vc_row full_width=&#8220;stretch_row&#8220; css=&#8220;.vc_custom_1671459654363{background-color: #5f8585 !important;}&#8220;][vc_column width=&#8220;1\/4&#8243;][\/vc_column][vc_column width=&#8220;1\/2&#8243;][vc_empty_space height=&#8220;64&#8243;][vc_column_text]<\/p>\n<h1 style=\"text-align: left;\"><span style=\"color: #ffffff;\">Zaujal V\u00e1s tento byt?<\/span><\/h1>\n<p>&nbsp;<\/p>\n<h3><span style=\"color: #ffffff;\">Kontaktujte n\u00e1\u0161ho predajcu<\/span><\/h3>\n<h3><span style=\"color: #ffffff;\"><strong><span lang=\"DE\">+421 940 706 688<\/span><\/strong><\/span><\/h3>\n<h3><\/h3>\n<p>[\/vc_column_text][vc_empty_space height=&#8220;64&#8243;][lab_contact_form name_title=&#8220;N\u00e1zov bytu:&#8220; message_title=&#8220;Spr\u00e1va:&#8220; show_subject_field=&#8220;yes&#8220; subject_title=&#8220;Meno:&#8220; submit_title=&#8220;ODOSLA\u0164&#8220; submit_success=&#8220;\u010fakujeme #,spr\u00e1va bola poslan\u00e1!&#8220; alert_errors=&#8220;&#8220; email_receiver=&#8220;info@bytylubica.sk&#8220;][vc_empty_space height=&#8220;64&#8243;][\/vc_column][vc_column width=&#8220;1\/4&#8243;][\/vc_column][\/vc_row]<\/p>\n<\/section>","protected":false},"excerpt":{"rendered":"<p>[vc_row][vc_column][vc_empty_space height=&#8220;160&#8243;][\/vc_column][\/vc_row][vc_row][vc_column width=&#8220;1\/4&#8243;][vc_column_text] 2-izbov\u00fd byt B4.4 bytov\u00fd dom B | 4 podla\u017eie | REZERVOVAN\u00dd[\/vc_column_text][\/vc_column][vc_column width=&#8220;1\/2&#8243;][vc_column_text] [\/vc_column_text][\/vc_column][vc_column width=&#8220;1\/4&#8243;][vc_column_text css=&#8220;.vc_custom_1736171642638{padding-right: 0px !important;}&#8220;] [\/vc_column_text][\/vc_column][\/vc_row][vc_row full_width=&#8220;stretch_row&#8220;][vc_column width=&#8220;1\/2&#8243;][vc_single_image image=&#8220;1946&#8243; img_size=&#8220;full&#8220; alignment=&#8220;center&#8220;][\/vc_column][vc_column width=&#8220;1\/2&#8243;][vc_tta_tabs style=&#8220;classic&#8220; color=&#8220;black&#8220; active_section=&#8220;1&#8243;][vc_tta_section title=&#8220;PREH\u013dAD&#8220; tab_id=&#8220;1670326892474-ff34906e-02d1&#8243;][vc_column_text][\/vc_column_text][\/vc_tta_section][vc_tta_section title=&#8220;\u0160TANDARD A PARKOVANIE&#8220; tab_id=&#8220;1670326892493-612f8cee-17e1&#8243;][vc_column_text]Byt sa pred\u00e1va v \u0161t\u00e1diu holobyt s pivnicou o v\u00fdmere 2,5 m2. Pivnica je zahrnut\u00e1 v\u00a0cene bytu. Parkovacie st\u00e1tie nie&hellip;<\/p>\n","protected":false},"author":1,"featured_media":0,"parent":0,"menu_order":0,"comment_status":"closed","ping_status":"closed","template":"","meta":{"content-type":"","footnotes":""},"class_list":["post-1777","page","type-page","status-publish","hentry"],"acf":[],"yoast_head":"<!-- This site is optimized with the Yoast SEO plugin v19.11 - https:\/\/yoast.com\/wordpress\/plugins\/seo\/ -->\n<title>Byt_B_4.4 - bytylubica<\/title>\n<meta name=\"robots\" content=\"index, follow, max-snippet:-1, max-image-preview:large, max-video-preview:-1\" \/>\n<link rel=\"canonical\" href=\"https:\/\/www.bytylubica.sk\/index.php\/byt_b_4-4-2-2\/\" \/>\n<meta property=\"og:locale\" content=\"sk_SK\" \/>\n<meta property=\"og:type\" content=\"article\" \/>\n<meta property=\"og:title\" content=\"Byt_B_4.4 - bytylubica\" \/>\n<meta property=\"og:description\" content=\"[vc_row][vc_column][vc_empty_space height=&#8220;160&#8243;][\/vc_column][\/vc_row][vc_row][vc_column width=&#8220;1\/4&#8243;][vc_column_text] 2-izbov\u00fd byt B4.4 bytov\u00fd dom B | 4 podla\u017eie | REZERVOVAN\u00dd[\/vc_column_text][\/vc_column][vc_column width=&#8220;1\/2&#8243;][vc_column_text] [\/vc_column_text][\/vc_column][vc_column width=&#8220;1\/4&#8243;][vc_column_text css=&#8220;.vc_custom_1736171642638{padding-right: 0px !important;}&#8220;] [\/vc_column_text][\/vc_column][\/vc_row][vc_row full_width=&#8220;stretch_row&#8220;][vc_column width=&#8220;1\/2&#8243;][vc_single_image image=&#8220;1946&#8243; img_size=&#8220;full&#8220; alignment=&#8220;center&#8220;][\/vc_column][vc_column width=&#8220;1\/2&#8243;][vc_tta_tabs style=&#8220;classic&#8220; color=&#8220;black&#8220; active_section=&#8220;1&#8243;][vc_tta_section title=&#8220;PREH\u013dAD&#8220; tab_id=&#8220;1670326892474-ff34906e-02d1&#8243;][vc_column_text][\/vc_column_text][\/vc_tta_section][vc_tta_section title=&#8220;\u0160TANDARD A PARKOVANIE&#8220; tab_id=&#8220;1670326892493-612f8cee-17e1&#8243;][vc_column_text]Byt sa pred\u00e1va v \u0161t\u00e1diu holobyt s pivnicou o v\u00fdmere 2,5 m2. Pivnica je zahrnut\u00e1 v\u00a0cene bytu. Parkovacie st\u00e1tie nie&hellip;\" \/>\n<meta property=\"og:url\" content=\"https:\/\/www.bytylubica.sk\/index.php\/byt_b_4-4-2-2\/\" \/>\n<meta property=\"og:site_name\" content=\"bytylubica\" \/>\n<meta property=\"article:modified_time\" content=\"2025-05-28T08:52:02+00:00\" \/>\n<meta name=\"twitter:card\" content=\"summary_large_image\" \/>\n<meta name=\"twitter:label1\" content=\"Predpokladan\u00fd \u010das \u010d\u00edtania\" \/>\n\t<meta name=\"twitter:data1\" content=\"1 min\u00fata\" \/>\n<script type=\"application\/ld+json\" class=\"yoast-schema-graph\">{\"@context\":\"https:\/\/schema.org\",\"@graph\":[{\"@type\":\"WebPage\",\"@id\":\"https:\/\/www.bytylubica.sk\/index.php\/byt_b_4-4-2-2\/\",\"url\":\"https:\/\/www.bytylubica.sk\/index.php\/byt_b_4-4-2-2\/\",\"name\":\"Byt_B_4.4 - bytylubica\",\"isPartOf\":{\"@id\":\"https:\/\/www.bytylubica.sk\/#website\"},\"datePublished\":\"2025-01-22T10:32:06+00:00\",\"dateModified\":\"2025-05-28T08:52:02+00:00\",\"breadcrumb\":{\"@id\":\"https:\/\/www.bytylubica.sk\/index.php\/byt_b_4-4-2-2\/#breadcrumb\"},\"inLanguage\":\"sk-SK\",\"potentialAction\":[{\"@type\":\"ReadAction\",\"target\":[\"https:\/\/www.bytylubica.sk\/index.php\/byt_b_4-4-2-2\/\"]}]},{\"@type\":\"BreadcrumbList\",\"@id\":\"https:\/\/www.bytylubica.sk\/index.php\/byt_b_4-4-2-2\/#breadcrumb\",\"itemListElement\":[{\"@type\":\"ListItem\",\"position\":1,\"name\":\"Home\",\"item\":\"https:\/\/www.bytylubica.sk\/\"},{\"@type\":\"ListItem\",\"position\":2,\"name\":\"Byt_B_4.4\"}]},{\"@type\":\"WebSite\",\"@id\":\"https:\/\/www.bytylubica.sk\/#website\",\"url\":\"https:\/\/www.bytylubica.sk\/\",\"name\":\"bytylubica\",\"description\":\"\",\"potentialAction\":[{\"@type\":\"SearchAction\",\"target\":{\"@type\":\"EntryPoint\",\"urlTemplate\":\"https:\/\/www.bytylubica.sk\/?s={search_term_string}\"},\"query-input\":\"required name=search_term_string\"}],\"inLanguage\":\"sk-SK\"}]}<\/script>\n<!-- \/ Yoast SEO plugin. -->","yoast_head_json":{"title":"Byt_B_4.4 - bytylubica","robots":{"index":"index","follow":"follow","max-snippet":"max-snippet:-1","max-image-preview":"max-image-preview:large","max-video-preview":"max-video-preview:-1"},"canonical":"https:\/\/www.bytylubica.sk\/index.php\/byt_b_4-4-2-2\/","og_locale":"sk_SK","og_type":"article","og_title":"Byt_B_4.4 - bytylubica","og_description":"[vc_row][vc_column][vc_empty_space height=&#8220;160&#8243;][\/vc_column][\/vc_row][vc_row][vc_column width=&#8220;1\/4&#8243;][vc_column_text] 2-izbov\u00fd byt B4.4 bytov\u00fd dom B | 4 podla\u017eie | REZERVOVAN\u00dd[\/vc_column_text][\/vc_column][vc_column width=&#8220;1\/2&#8243;][vc_column_text] [\/vc_column_text][\/vc_column][vc_column width=&#8220;1\/4&#8243;][vc_column_text css=&#8220;.vc_custom_1736171642638{padding-right: 0px !important;}&#8220;] [\/vc_column_text][\/vc_column][\/vc_row][vc_row full_width=&#8220;stretch_row&#8220;][vc_column width=&#8220;1\/2&#8243;][vc_single_image image=&#8220;1946&#8243; img_size=&#8220;full&#8220; alignment=&#8220;center&#8220;][\/vc_column][vc_column width=&#8220;1\/2&#8243;][vc_tta_tabs style=&#8220;classic&#8220; color=&#8220;black&#8220; active_section=&#8220;1&#8243;][vc_tta_section title=&#8220;PREH\u013dAD&#8220; tab_id=&#8220;1670326892474-ff34906e-02d1&#8243;][vc_column_text][\/vc_column_text][\/vc_tta_section][vc_tta_section title=&#8220;\u0160TANDARD A PARKOVANIE&#8220; tab_id=&#8220;1670326892493-612f8cee-17e1&#8243;][vc_column_text]Byt sa pred\u00e1va v \u0161t\u00e1diu holobyt s pivnicou o v\u00fdmere 2,5 m2. Pivnica je zahrnut\u00e1 v\u00a0cene bytu. Parkovacie st\u00e1tie nie&hellip;","og_url":"https:\/\/www.bytylubica.sk\/index.php\/byt_b_4-4-2-2\/","og_site_name":"bytylubica","article_modified_time":"2025-05-28T08:52:02+00:00","twitter_card":"summary_large_image","twitter_misc":{"Predpokladan\u00fd \u010das \u010d\u00edtania":"1 min\u00fata"},"schema":{"@context":"https:\/\/schema.org","@graph":[{"@type":"WebPage","@id":"https:\/\/www.bytylubica.sk\/index.php\/byt_b_4-4-2-2\/","url":"https:\/\/www.bytylubica.sk\/index.php\/byt_b_4-4-2-2\/","name":"Byt_B_4.4 - bytylubica","isPartOf":{"@id":"https:\/\/www.bytylubica.sk\/#website"},"datePublished":"2025-01-22T10:32:06+00:00","dateModified":"2025-05-28T08:52:02+00:00","breadcrumb":{"@id":"https:\/\/www.bytylubica.sk\/index.php\/byt_b_4-4-2-2\/#breadcrumb"},"inLanguage":"sk-SK","potentialAction":[{"@type":"ReadAction","target":["https:\/\/www.bytylubica.sk\/index.php\/byt_b_4-4-2-2\/"]}]},{"@type":"BreadcrumbList","@id":"https:\/\/www.bytylubica.sk\/index.php\/byt_b_4-4-2-2\/#breadcrumb","itemListElement":[{"@type":"ListItem","position":1,"name":"Home","item":"https:\/\/www.bytylubica.sk\/"},{"@type":"ListItem","position":2,"name":"Byt_B_4.4"}]},{"@type":"WebSite","@id":"https:\/\/www.bytylubica.sk\/#website","url":"https:\/\/www.bytylubica.sk\/","name":"bytylubica","description":"","potentialAction":[{"@type":"SearchAction","target":{"@type":"EntryPoint","urlTemplate":"https:\/\/www.bytylubica.sk\/?s={search_term_string}"},"query-input":"required name=search_term_string"}],"inLanguage":"sk-SK"}]}},"_links":{"self":[{"href":"https:\/\/www.bytylubica.sk\/index.php\/wp-json\/wp\/v2\/pages\/1777","targetHints":{"allow":["GET"]}}],"collection":[{"href":"https:\/\/www.bytylubica.sk\/index.php\/wp-json\/wp\/v2\/pages"}],"about":[{"href":"https:\/\/www.bytylubica.sk\/index.php\/wp-json\/wp\/v2\/types\/page"}],"author":[{"embeddable":true,"href":"https:\/\/www.bytylubica.sk\/index.php\/wp-json\/wp\/v2\/users\/1"}],"replies":[{"embeddable":true,"href":"https:\/\/www.bytylubica.sk\/index.php\/wp-json\/wp\/v2\/comments?post=1777"}],"version-history":[{"count":12,"href":"https:\/\/www.bytylubica.sk\/index.php\/wp-json\/wp\/v2\/pages\/1777\/revisions"}],"predecessor-version":[{"id":2277,"href":"https:\/\/www.bytylubica.sk\/index.php\/wp-json\/wp\/v2\/pages\/1777\/revisions\/2277"}],"wp:attachment":[{"href":"https:\/\/www.bytylubica.sk\/index.php\/wp-json\/wp\/v2\/media?parent=1777"}],"curies":[{"name":"wp","href":"https:\/\/api.w.org\/{rel}","templated":true}]}}