{"id":16,"date":"2022-12-05T12:53:05","date_gmt":"2022-12-05T11:53:05","guid":{"rendered":"https:\/\/www.bytylubica.sk\/?page_id=16"},"modified":"2025-06-02T12:17:55","modified_gmt":"2025-06-02T10:17:55","slug":"hlavna-stranka","status":"publish","type":"page","link":"https:\/\/www.bytylubica.sk\/","title":{"rendered":"hlavn\u00e1 str\u00e1nka"},"content":{"rendered":"<section class=\"wpb-content-wrapper\"><p>[vc_row][vc_column]\n\t\t\t<!-- START Slider 1 REVOLUTION SLIDER 6.6.7 --><p class=\"rs-p-wp-fix\"><\/p>\n\t\t\t<rs-module-wrap id=\"rev_slider_1_1_wrapper\" data-source=\"gallery\" style=\"visibility:hidden;background:transparent;padding:0;margin:0px auto;margin-top:0;margin-bottom:0;\">\n\t\t\t\t<rs-module id=\"rev_slider_1_1\" style=\"\" data-version=\"6.6.7\">\n\t\t\t\t\t<rs-slides style=\"overflow: hidden; position: absolute;\">\n\t\t\t\t\t\t<rs-slide style=\"position: absolute;\" data-key=\"rs-1\" data-title=\"Slide\" data-in=\"o:0;\" data-out=\"a:false;\">\n\t\t\t\t\t\t\t<img decoding=\"async\" src=\"\/\/www.bytylubica.sk\/wp-content\/plugins\/revslider\/public\/assets\/assets\/dummy.png\" alt=\"\" title=\"cam jar_final_web\" width=\"2000\" height=\"1166\" class=\"rev-slidebg tp-rs-img rs-lazyload\" data-lazyload=\"\/\/www.bytylubica.sk\/wp-content\/uploads\/2023\/01\/cam-jar_final_web.jpg\" data-no-retina>\n<!--\n\t\t\t\t\t\t\t--><a\n\t\t\t\t\t\t\t\tid=\"slider-1-slide-1-layer-0\" \n\t\t\t\t\t\t\t\tclass=\"rs-layer rev-btn\"\n\t\t\t\t\t\t\t\thref=\"https:\/\/www.bytylubica.sk\/virtualnaprehliadka\/index_vyberbytu.html\" target=\"_self\"\n\t\t\t\t\t\t\t\tdata-type=\"button\"\n\t\t\t\t\t\t\t\tdata-color=\"#000000\"\n\t\t\t\t\t\t\t\tdata-rsp_ch=\"on\"\n\t\t\t\t\t\t\t\tdata-xy=\"xo:380px,313px,313px,313px;yo:577px,476px,476px,476px;\"\n\t\t\t\t\t\t\t\tdata-text=\"w:normal;s:24,19,19,19;l:52,42,42,42;fw:500;\"\n\t\t\t\t\t\t\t\tdata-dim=\"minh:0,none,0,0;\"\n\t\t\t\t\t\t\t\tdata-padding=\"t:5,4,4,4;r:40,33,33,33;b:5,4,4,4;l:40,33,33,33;\"\n\t\t\t\t\t\t\t\tdata-border=\"bos:solid;boc:#000000;bow:2px,2px,2px,2px;bor:32px,32px,32px,32px;\"\n\t\t\t\t\t\t\t\tdata-frame_0=\"y:-50,-41,-41,-41;\"\n\t\t\t\t\t\t\t\tdata-frame_1=\"sp:1000;\"\n\t\t\t\t\t\t\t\tdata-frame_999=\"o:0;st:w;sR:5110;\"\n\t\t\t\t\t\t\t\tdata-frame_hover=\"c:#fff;bgc:#000;boc:#000;bor:32px,32px,32px,32px;bos:solid;bow:2px,2px,2px,2px;\"\n\t\t\t\t\t\t\t\tstyle=\"z-index:6;background-color:rgba(255,255,255,1);font-family:'Roboto';\"\n\t\t\t\t\t\t\t>POZRIE\u0164 VO VR \n\t\t\t\t\t\t\t<\/a><!--\n\n\t\t\t\t\t\t\t--><a\n\t\t\t\t\t\t\t\tid=\"slider-1-slide-1-layer-2\" \n\t\t\t\t\t\t\t\tclass=\"rs-layer rev-btn\"\n\t\t\t\t\t\t\t\thref=\"https:\/\/www.bytylubica.sk\/index.php\/ponuka-bytov\/\" target=\"_self\"\n\t\t\t\t\t\t\t\tdata-type=\"button\"\n\t\t\t\t\t\t\t\tdata-color=\"#000000\"\n\t\t\t\t\t\t\t\tdata-rsp_ch=\"on\"\n\t\t\t\t\t\t\t\tdata-xy=\"xo:20px,16px,16px,16px;yo:577px,476px,476px,476px;\"\n\t\t\t\t\t\t\t\tdata-text=\"w:normal;s:24,19,19,19;l:52,42,42,42;fw:500;\"\n\t\t\t\t\t\t\t\tdata-dim=\"minh:0,none,0,0;\"\n\t\t\t\t\t\t\t\tdata-padding=\"t:5,4,4,4;r:40,33,33,33;b:5,4,4,4;l:40,33,33,33;\"\n\t\t\t\t\t\t\t\tdata-border=\"bor:32px,32px,32px,32px;\"\n\t\t\t\t\t\t\t\tdata-frame_0=\"y:-50,-41,-41,-41;\"\n\t\t\t\t\t\t\t\tdata-frame_1=\"sp:1000;\"\n\t\t\t\t\t\t\t\tdata-frame_999=\"o:0;st:w;sR:5110;\"\n\t\t\t\t\t\t\t\tdata-frame_hover=\"c:#fff;bgc:#000;bor:32px,32px,32px,32px;\"\n\t\t\t\t\t\t\t\tstyle=\"z-index:6;background-color:rgba(255,255,255,1);font-family:'Roboto';\"\n\t\t\t\t\t\t\t>PONUKA B\u00ddVANIA \n\t\t\t\t\t\t\t<\/a><!--\n\n\t\t\t\t\t\t\t--><rs-layer\n\t\t\t\t\t\t\t\tid=\"slider-1-slide-1-layer-3\" \n\t\t\t\t\t\t\t\tdata-type=\"text\"\n\t\t\t\t\t\t\t\tdata-tsh=\"c:rgba(0,0,0,0.89);h:5px,4px,4px,4px;v:5px,4px,4px,4px;b:5px,4px,4px,4px;\"\n\t\t\t\t\t\t\t\tdata-rsp_ch=\"on\"\n\t\t\t\t\t\t\t\tdata-xy=\"xo:19px,15px,15px,15px;yo:680px,561px,561px,561px;\"\n\t\t\t\t\t\t\t\tdata-text=\"w:normal;s:78,64,64,64;l:97,80,80,80;\"\n\t\t\t\t\t\t\t\tdata-frame_0=\"x:-50,-41,-41,-41;\"\n\t\t\t\t\t\t\t\tdata-frame_1=\"st:280;sp:1000;sR:280;\"\n\t\t\t\t\t\t\t\tdata-frame_999=\"o:0;st:w;sR:4840;\"\n\t\t\t\t\t\t\t\tstyle=\"z-index:7;font-family:'Roboto';\"\n\t\t\t\t\t\t\t>B\u00fdvajte pri Ke\u017emarku \n\t\t\t\t\t\t\t<\/rs-layer><!--\n-->\t\t\t\t\t\t<\/rs-slide>\n\t\t\t\t\t\t<rs-slide style=\"position: absolute;\" data-key=\"rs-5\" data-title=\"Slide\" data-in=\"o:0;\" data-out=\"a:false;\">\n\t\t\t\t\t\t\t<img decoding=\"async\" src=\"\/\/www.bytylubica.sk\/wp-content\/plugins\/revslider\/public\/assets\/assets\/dummy.png\" alt=\"\" title=\"s autom\" width=\"2560\" height=\"1493\" class=\"rev-slidebg tp-rs-img rs-lazyload\" data-lazyload=\"\/\/www.bytylubica.sk\/wp-content\/uploads\/2022\/12\/s-autom-scaled.jpg\" data-no-retina>\n<!--\n\t\t\t\t\t\t\t--><a\n\t\t\t\t\t\t\t\tid=\"slider-1-slide-5-layer-2\" \n\t\t\t\t\t\t\t\tclass=\"rs-layer rev-btn\"\n\t\t\t\t\t\t\t\thref=\"https:\/\/www.bytylubica.sk\/index.php\/ponuka-parkovania\/\" target=\"_self\"\n\t\t\t\t\t\t\t\tdata-type=\"button\"\n\t\t\t\t\t\t\t\tdata-color=\"#000000\"\n\t\t\t\t\t\t\t\tdata-rsp_ch=\"on\"\n\t\t\t\t\t\t\t\tdata-xy=\"xo:20px,16px,16px,16px;yo:577px,476px,476px,476px;\"\n\t\t\t\t\t\t\t\tdata-text=\"w:normal;s:24,19,19,19;l:52,42,42,42;fw:500;\"\n\t\t\t\t\t\t\t\tdata-dim=\"minh:0,none,0,0;\"\n\t\t\t\t\t\t\t\tdata-padding=\"t:5,4,4,4;r:40,33,33,33;b:5,4,4,4;l:40,33,33,33;\"\n\t\t\t\t\t\t\t\tdata-border=\"bor:32px,32px,32px,32px;\"\n\t\t\t\t\t\t\t\tdata-frame_0=\"y:-50,-41,-41,-41;\"\n\t\t\t\t\t\t\t\tdata-frame_1=\"sp:1000;\"\n\t\t\t\t\t\t\t\tdata-frame_999=\"o:0;st:w;sR:8700;\"\n\t\t\t\t\t\t\t\tdata-frame_hover=\"c:#fff;bgc:#000;bor:32px,32px,32px,32px;\"\n\t\t\t\t\t\t\t\tstyle=\"z-index:5;background-color:rgba(255,255,255,1);font-family:'Roboto';\"\n\t\t\t\t\t\t\t>PONUKA PARKOVANIA \n\t\t\t\t\t\t\t<\/a><!--\n\n\t\t\t\t\t\t\t--><rs-layer\n\t\t\t\t\t\t\t\tid=\"slider-1-slide-5-layer-3\" \n\t\t\t\t\t\t\t\tdata-type=\"text\"\n\t\t\t\t\t\t\t\tdata-tsh=\"c:rgba(0,0,0,0.89);h:5px,4px,4px,4px;v:5px,4px,4px,4px;b:5px,4px,4px,4px;\"\n\t\t\t\t\t\t\t\tdata-rsp_ch=\"on\"\n\t\t\t\t\t\t\t\tdata-xy=\"xo:19px,15px,15px,15px;yo:680px,561px,561px,561px;\"\n\t\t\t\t\t\t\t\tdata-text=\"w:normal;s:78,64,64,64;l:97,80,80,80;\"\n\t\t\t\t\t\t\t\tdata-frame_0=\"x:-50,-41,-41,-41;\"\n\t\t\t\t\t\t\t\tdata-frame_1=\"st:280;sp:1000;\"\n\t\t\t\t\t\t\t\tdata-frame_999=\"o:0;st:w;sR:8420;\"\n\t\t\t\t\t\t\t\tstyle=\"z-index:6;font-family:'Roboto';\"\n\t\t\t\t\t\t\t>Podzemn\u00e9 parkovanie \n\t\t\t\t\t\t\t<\/rs-layer><!--\n-->\t\t\t\t\t\t<\/rs-slide>\n\t\t\t\t\t<\/rs-slides>\n\t\t\t\t<\/rs-module>\n\t\t\t\t<script>\n\t\t\t\t\tsetREVStartSize({c: 'rev_slider_1_1',rl:[1240,1024,1024,1024],el:[900,768,768,768],gw:[1240,1024,1024,1024],gh:[900,768,768,768],type:'standard',justify:'',layout:'fullwidth',mh:\"0\"});if (window.RS_MODULES!==undefined && window.RS_MODULES.modules!==undefined && window.RS_MODULES.modules[\"revslider11\"]!==undefined) {window.RS_MODULES.modules[\"revslider11\"].once = false;window.revapi1 = undefined;if (window.RS_MODULES.checkMinimal!==undefined) window.RS_MODULES.checkMinimal()}\n\t\t\t\t<\/script>\n\t\t\t<\/rs-module-wrap>\n\t\t\t<!-- END REVOLUTION SLIDER -->\n[\/vc_column][\/vc_row][vc_row gap=&#8220;35&#8243; css=&#8220;.vc_custom_1672819617392{padding-top: 200px !important;padding-bottom: 200px !important;}&#8220;][vc_column width=&#8220;1\/2&#8243;][vc_single_image image=&#8220;799&#8243; img_size=&#8220;450&#215;675&#8243; style=&#8220;vc_box_circle_2&#8243;][\/vc_column][vc_column width=&#8220;1\/2&#8243;][vc_column_text]<\/p>\n<h1><span style=\"color: #000000;\">PRE\u010cO B\u00ddVA\u0164 V <strong>\u013dUBICI<\/strong><\/span><\/h1>\n<p>&nbsp;<\/p>\n<p style=\"font-size: 20px;\"><span style=\"color: #333333;\">Z\u00a0poh\u013eadu <strong>pokojn\u00e9ho b\u00fdvania bl\u00edzkosti pr\u00edrody<\/strong>, dopravnej dostupnosti a kompletnej ob\u010dianskej vybavenosti sa projekt ,,NOV\u00c1 TEHEL\u0147A \u013dUBICA\u201c st\u00e1va ide\u00e1lnou a lukrat\u00edvnou vo\u013ebou pre Va\u0161e nov\u00e9 b\u00fdvanie.<\/span><\/p>\n<p>[\/vc_column_text][vc_btn title=&#8220;Viac o projekte&#8220; style=&#8220;outline&#8220; shape=&#8220;round&#8220; color=&#8220;black&#8220; size=&#8220;lg&#8220; link=&#8220;url:https%3A%2F%2Fwww.bytylubica.sk%2Findex.php%2Fo-projekte%2F|title:O%20projekte&#8220;][\/vc_column][\/vc_row][vc_row gap=&#8220;35&#8243; css=&#8220;.vc_custom_1746800767516{padding-top: 20px !important;padding-bottom: 20px !important;}&#8220;][vc_column width=&#8220;1\/2&#8243;][vc_column_text]<\/p>\n<h1><span style=\"color: #000000;\"><strong>POZRITE SI BYT VO VIRTU\u00c1LNEJ PREHLIADKE<\/strong><\/span><\/h1>\n<p>&nbsp;<\/p>\n<p style=\"font-size: 20px;\"><span style=\"color: #333333;\">Poprech\u00e1dzajte sa pohodlne v 2-izbovom byte, akoby ste v \u0148om pr\u00e1ve st\u00e1li.<\/span><\/p>\n<p>[\/vc_column_text][vc_btn title=&#8220;Pozrie\u0165 vo VR&#8220; style=&#8220;flat&#8220; shape=&#8220;round&#8220; color=&#8220;black&#8220; size=&#8220;lg&#8220; link=&#8220;url:https%3A%2F%2Fwww.bytylubica.sk%2Fvirtualnaprehliadka%2Findex_vyberbytu.html|title:O%20projekte&#8220;][\/vc_column][vc_column width=&#8220;1\/2&#8243;][vc_single_image image=&#8220;2248&#8243; img_size=&#8220;450&#215;675&#8243; style=&#8220;vc_box_circle_2&#8243;][\/vc_column][\/vc_row][vc_row gap=&#8220;35&#8243; content_placement=&#8220;middle&#8220;][vc_column width=&#8220;1\/3&#8243;][vc_single_image image=&#8220;811&#8243; img_size=&#8220;medium&#8220;][vc_column_text]<\/p>\n<h2 style=\"text-align: left;\"><strong>PODZEMN\u00c9 GAR\u00c1\u017dE<br \/>\n<\/strong><\/h2>\n<p>&nbsp;<\/p>\n<p><span style=\"font-size: large; color: #333333;\">Neoddelite\u013enou s\u00fa\u010das\u0165ou bude vybudovanie\u00a0dostato\u010dn\u00e9ho mno\u017estva gar\u00e1\u017eov\u00fdch ako i\u00a0vonkaj\u0161\u00edch parkovac\u00edch st\u00e1t\u00ed. V\u00a0podzemnej gar\u00e1\u017ei sa nach\u00e1dza 25 parkovac\u00edch miest a\u00a013 vonkaj\u0161\u00edch parkovac\u00edch miest.<\/span><\/p>\n<p>[\/vc_column_text][\/vc_column][vc_column width=&#8220;1\/3&#8243;][vc_single_image image=&#8220;813&#8243; img_size=&#8220;medium&#8220;][vc_column_text]<\/p>\n<h2 style=\"text-align: left;\"><strong>\u00daSPORN\u00c9 B\u00ddVANIE<br \/>\n<\/strong><\/h2>\n<p>&nbsp;<\/p>\n<p><span style=\"font-size: large; color: #333333;\">Bytov\u00e9 domy s\u00fa navrhnut\u00e9 ako n\u00edzko energetick\u00e9 budovy, ktor\u00e9 sp\u013a\u0148aj\u00fa energetick\u00fa triedu A0, \u010do predstavuje v\u00fdrazne ni\u017e\u0161ie n\u00e1klady na b\u00fdvanie a\u00a0energetick\u00fa \u00fasporu.<\/span>[\/vc_column_text][\/vc_column][vc_column width=&#8220;1\/3&#8243;][vc_single_image image=&#8220;812&#8243; img_size=&#8220;medium&#8220;][vc_column_text]<\/p>\n<h2 style=\"text-align: left;\"><strong>ATRAKT\u00cdVNE B\u00ddVANIE<br \/>\n<\/strong><\/h2>\n<p>&nbsp;<\/p>\n<p><span style=\"font-size: large;\"><span style=\"color: #333333;\">Projekt &#8222;NOV\u00c1 TEHEL\u0147A \u013dUBICA&#8220; le\u017e\u00ed v obci \u013dubica na severov\u00fdchode Slovenska pod Vysok\u00fdmi Tatrami v nadmorskej v\u00fd\u0161ke 630 m v tesnej bl\u00edzkosti okresn\u00e9ho mesta Ke\u017emarok s kompletn\u00fdm ob\u010dianskym z\u00e1zem\u00edm a n\u00e1kupn\u00fdmi mo\u017enos\u0165ami. Okolie pon\u00faka priestor pre \u0161irok\u00e9 spektrum aktiv\u00edt.<\/span> <\/span>[\/vc_column_text][\/vc_column][\/vc_row][vc_row][vc_column][vc_empty_space height=&#8220;100&#8243;][\/vc_column][\/vc_row][vc_row full_width=&#8220;stretch_row_content_no_spaces&#8220; css=&#8220;.vc_custom_1673448060768{background-color: #d6d6d6 !important;}&#8220;][vc_column][vc_empty_space height=&#8220;100&#8243;][vc_column_text]<\/p>\n<h1 style=\"text-align: center;\"><span style=\"color: #000000;\">Predpokladan\u00fd harmonogram<\/span><\/h1>\n<h1 style=\"text-align: center;\"><span style=\"color: #000000;\">v\u00fdstavby 1. etapy Bytov\u00fd dom A<br \/>\n<\/span><\/h1>\n<p>[\/vc_column_text][\/vc_column][\/vc_row][vc_row full_width=&#8220;stretch_row_content&#8220; css=&#8220;.vc_custom_1673448053394{background-color: #d6d6d6 !important;}&#8220;][vc_column width=&#8220;1\/3&#8243;][vc_single_image image=&#8220;1311&#8243; img_size=&#8220;full&#8220; alignment=&#8220;center&#8220;][\/vc_column][vc_column width=&#8220;1\/3&#8243;][vc_single_image image=&#8220;1312&#8243; img_size=&#8220;full&#8220; alignment=&#8220;center&#8220;][\/vc_column][vc_column width=&#8220;1\/3&#8243;][vc_single_image image=&#8220;1313&#8243; img_size=&#8220;full&#8220; alignment=&#8220;center&#8220;][\/vc_column][\/vc_row][vc_row full_width=&#8220;stretch_row_content_no_spaces&#8220; css=&#8220;.vc_custom_1672760056424{background-color: #5f8585 !important;}&#8220;][vc_column][vc_empty_space height=&#8220;100&#8243;][vc_column_text]<\/p>\n<h1 style=\"text-align: center;\"><span style=\"color: #ffffff;\">FINANCOVANIE V\u00c1\u0160HO B\u00ddVANIA<\/span><\/h1>\n<p>[\/vc_column_text][vc_btn title=&#8220;Viac o financovan\u00ed&#8220; style=&#8220;outline&#8220; shape=&#8220;round&#8220; color=&#8220;white&#8220; size=&#8220;lg&#8220; align=&#8220;center&#8220; link=&#8220;url:https%3A%2F%2Fwww.bytylubica.sk%2Findex.php%2Ffinancovanie%2F&#8220;][\/vc_column][\/vc_row][vc_row full_width=&#8220;stretch_row_content&#8220; css=&#8220;.vc_custom_1672761438637{background-color: #5f8585 !important;}&#8220;][vc_column width=&#8220;1\/3&#8243;][vc_single_image image=&#8220;761&#8243; img_size=&#8220;full&#8220; alignment=&#8220;center&#8220;][\/vc_column][vc_column width=&#8220;1\/3&#8243;][vc_single_image image=&#8220;762&#8243; img_size=&#8220;full&#8220; alignment=&#8220;center&#8220;][\/vc_column][vc_column width=&#8220;1\/3&#8243;][vc_single_image image=&#8220;763&#8243; img_size=&#8220;full&#8220; alignment=&#8220;center&#8220;][\/vc_column][\/vc_row][vc_row][vc_column][vc_empty_space height=&#8220;200&#8243;][\/vc_column][\/vc_row][vc_row full_width=&#8220;stretch_row&#8220; content_placement=&#8220;middle&#8220;][vc_column width=&#8220;1\/4&#8243;][vc_column_text]<\/p>\n<h1><span style=\"color: #000000;\">ATRAKT\u00cdVNA LOKALITA<br \/>\n<\/span><\/h1>\n<p>&nbsp;<\/p>\n<p><span style=\"font-size: large; color: #333333;\">Obec \u013dubica le\u017e\u00ed <strong>na severov\u00fdchode Slovenska pod Vysok\u00fdmi Tatrami<\/strong> v nadmorskej v\u00fd\u0161ke 630 m v tesnej bl\u00edzkosti okresn\u00e9ho mesta Ke\u017emarok.<\/span>[\/vc_column_text][vc_empty_space height=&#8220;100&#8243;][vc_single_image image=&#8220;871&#8243; img_size=&#8220;full&#8220; alignment=&#8220;right&#8220;][\/vc_column][vc_column width=&#8220;3\/4&#8243;][vc_single_image image=&#8220;1139&#8243; img_size=&#8220;full&#8220;][\/vc_column][\/vc_row][vc_row][vc_column][vc_empty_space height=&#8220;200&#8243;][\/vc_column][\/vc_row][vc_row full_width=&#8220;stretch_row&#8220; gap=&#8220;35&#8243; content_placement=&#8220;middle&#8220;][vc_column width=&#8220;1\/2&#8243;][vc_column_text]<\/p>\n<h1><span style=\"color: #000000;\">PONUKA BYTOV<\/span><\/h1>\n<p>&nbsp;<\/p>\n<p><span style=\"font-size: large; color: #333333;\"><strong>V\u00a0projekte sa r\u00e1ta s\u00a0v\u00fdstavbou \u0161tyroch bytov\u00fdch domov<\/strong>, ktor\u00fd je rozdelen\u00fd na 2.etapy. V 1.etape bud\u00fa dva bytov\u00e9 domy (A a B) so spojenou podzemnou gar\u00e1\u017eou.<br \/>\n<\/span><\/p>\n<p><span style=\"color: #000000;\"><span style=\"font-size: large; color: #333333;\"><strong>Jeden bytov\u00fd dom m\u00e1 kapacitu 32 bytov\u00fdch jednotiek. <\/strong><\/span><span style=\"font-size: large;\"><span style=\"color: #333333;\">V\u00a0ponuke s\u00fa byty v\u00a0\u0161trukt\u00fare <strong>2-izbov\u00e9 &#8211; 24 bytov<\/strong> a\u00a0<strong>3- izbov\u00e9 \u2013 8 bytov<\/strong>, pivni\u010dn\u00e9 priestory.<\/span> <\/span><\/span><\/p>\n<p><span style=\"font-size: large; color: #000000;\">\u00a0<\/span>[\/vc_column_text][vc_btn title=&#8220;Pozrie\u0165 ponuku bytov&#8220; style=&#8220;outline&#8220; shape=&#8220;round&#8220; color=&#8220;black&#8220; size=&#8220;lg&#8220; link=&#8220;url:https%3A%2F%2Fwww.bytylubica.sk%2Findex.php%2Fponuka-bytov%2F|title:O%20projekte&#8220;][\/vc_column][vc_column width=&#8220;1\/2&#8243;][vc_single_image image=&#8220;815&#8243; img_size=&#8220;full&#8220; alignment=&#8220;center&#8220;][\/vc_column][\/vc_row][vc_row][vc_column][vc_empty_space height=&#8220;200&#8243;][\/vc_column][\/vc_row][vc_row full_width=&#8220;stretch_row&#8220; gap=&#8220;35&#8243;][vc_column width=&#8220;1\/2&#8243;][vc_column_text]<\/p>\n<h1><span style=\"color: #000000;\">O DEVELOPEROVI<\/span><\/h1>\n<p>&nbsp;<\/p>\n<p style=\"font-size: 20px;\"><span style=\"color: #333333;\"><strong>Investor projektu spolo\u010dnos\u0165 MK STAVBY 2, s.r.o.<\/strong> vznikla z dvoch samostatn\u00fdch podnikate\u013esk\u00fdch subjektov Invest Harm\u00f3nia, s.r.o. a\u00a0MK STAVBY s.r.o. p\u00f4sobiacich v\u00a0stavebnej a\u00a0developerskej \u010dinnosti.<br \/>\nFilozofiou n\u00e1s ako developera je integrova\u0165 nov\u00fa v\u00fdstavbu do modern\u00fdch architektonick\u00fdch trendov a z\u00e1rove\u0148 re\u0161pektova\u0165 atmosf\u00e9ru okolia. K svojim z\u00e1kazn\u00edkom a partnerom sa spr\u00e1vame v\u017edy korektne a \u010destne.<\/span><\/p>\n<p>[\/vc_column_text][\/vc_column][vc_column width=&#8220;1\/2&#8243;][vc_single_image image=&#8220;1398&#8243; img_size=&#8220;400&#215;172&#8243; alignment=&#8220;center&#8220;][\/vc_column][\/vc_row][vc_row full_width=&#8220;stretch_row&#8220;][vc_column][vc_empty_space height=&#8220;100&#8243;][\/vc_column][\/vc_row][vc_row full_width=&#8220;stretch_row&#8220; css=&#8220;.vc_custom_1670325276508{background-color: #5f8585 !important;}&#8220;][vc_column][vc_empty_space height=&#8220;100&#8243;][vc_column_text]<\/p>\n<h1 style=\"text-align: center;\"><span style=\"color: #ffffff;\"><strong>Kontaktujte n\u00e1s<\/strong><\/span><\/h1>\n<h3 style=\"text-align: center;\"><span style=\"color: #ffffff;\">Mana\u017e\u00e9r predaja projektu<\/span><\/h3>\n<h3 style=\"text-align: center;\"><span style=\"color: #ffffff;\">info@bytylubica.sk<\/span><br \/>\n<span style=\"color: #ffffff;\">tel.: +421 940 706 688<\/span><\/h3>\n<p>[\/vc_column_text][vc_empty_space height=&#8220;100&#8243;][\/vc_column][\/vc_row]<\/p>\n<\/section>","protected":false},"excerpt":{"rendered":"<p>[vc_row][vc_column][\/vc_column][\/vc_row][vc_row gap=&#8220;35&#8243; css=&#8220;.vc_custom_1672819617392{padding-top: 200px !important;padding-bottom: 200px !important;}&#8220;][vc_column width=&#8220;1\/2&#8243;][vc_single_image image=&#8220;799&#8243; img_size=&#8220;450&#215;675&#8243; style=&#8220;vc_box_circle_2&#8243;][\/vc_column][vc_column width=&#8220;1\/2&#8243;][vc_column_text] PRE\u010cO B\u00ddVA\u0164 V \u013dUBICI &nbsp; Z\u00a0poh\u013eadu pokojn\u00e9ho b\u00fdvania bl\u00edzkosti pr\u00edrody, dopravnej dostupnosti a kompletnej ob\u010dianskej vybavenosti sa projekt ,,NOV\u00c1 TEHEL\u0147A \u013dUBICA\u201c st\u00e1va ide\u00e1lnou a lukrat\u00edvnou vo\u013ebou pre Va\u0161e nov\u00e9 b\u00fdvanie. [\/vc_column_text][vc_btn title=&#8220;Viac o projekte&#8220; style=&#8220;outline&#8220; shape=&#8220;round&#8220; color=&#8220;black&#8220; size=&#8220;lg&#8220; link=&#8220;url:https%3A%2F%2Fwww.bytylubica.sk%2Findex.php%2Fo-projekte%2F|title:O%20projekte&#8220;][\/vc_column][\/vc_row][vc_row gap=&#8220;35&#8243; css=&#8220;.vc_custom_1746800767516{padding-top: 20px !important;padding-bottom:&hellip;<\/p>\n","protected":false},"author":1,"featured_media":0,"parent":0,"menu_order":0,"comment_status":"closed","ping_status":"closed","template":"","meta":{"content-type":"","footnotes":""},"class_list":["post-16","page","type-page","status-publish","hentry"],"acf":[],"yoast_head":"<!-- This site is optimized with the Yoast SEO plugin v19.11 - https:\/\/yoast.com\/wordpress\/plugins\/seo\/ -->\n<title>hlavn\u00e1 str\u00e1nka - bytylubica<\/title>\n<meta name=\"robots\" content=\"index, follow, max-snippet:-1, max-image-preview:large, max-video-preview:-1\" \/>\n<link rel=\"canonical\" href=\"https:\/\/www.bytylubica.sk\/\" \/>\n<meta property=\"og:locale\" content=\"sk_SK\" \/>\n<meta property=\"og:type\" content=\"article\" \/>\n<meta property=\"og:title\" content=\"hlavn\u00e1 str\u00e1nka - bytylubica\" \/>\n<meta property=\"og:description\" content=\"[vc_row][vc_column][\/vc_column][\/vc_row][vc_row gap=&#8220;35&#8243; css=&#8220;.vc_custom_1672819617392{padding-top: 200px !important;padding-bottom: 200px !important;}&#8220;][vc_column width=&#8220;1\/2&#8243;][vc_single_image image=&#8220;799&#8243; img_size=&#8220;450&#215;675&#8243; style=&#8220;vc_box_circle_2&#8243;][\/vc_column][vc_column width=&#8220;1\/2&#8243;][vc_column_text] PRE\u010cO B\u00ddVA\u0164 V \u013dUBICI &nbsp; Z\u00a0poh\u013eadu pokojn\u00e9ho b\u00fdvania bl\u00edzkosti pr\u00edrody, dopravnej dostupnosti a kompletnej ob\u010dianskej vybavenosti sa projekt ,,NOV\u00c1 TEHEL\u0147A \u013dUBICA\u201c st\u00e1va ide\u00e1lnou a lukrat\u00edvnou vo\u013ebou pre Va\u0161e nov\u00e9 b\u00fdvanie. [\/vc_column_text][vc_btn title=&#8220;Viac o projekte&#8220; style=&#8220;outline&#8220; shape=&#8220;round&#8220; color=&#8220;black&#8220; size=&#8220;lg&#8220; link=&#8220;url:https%3A%2F%2Fwww.bytylubica.sk%2Findex.php%2Fo-projekte%2F|title:O%20projekte&#8220;][\/vc_column][\/vc_row][vc_row gap=&#8220;35&#8243; css=&#8220;.vc_custom_1746800767516{padding-top: 20px !important;padding-bottom:&hellip;\" \/>\n<meta property=\"og:url\" content=\"https:\/\/www.bytylubica.sk\/\" \/>\n<meta property=\"og:site_name\" content=\"bytylubica\" \/>\n<meta property=\"article:modified_time\" content=\"2025-06-02T10:17:55+00:00\" \/>\n<meta name=\"twitter:card\" content=\"summary_large_image\" \/>\n<meta name=\"twitter:label1\" content=\"Predpokladan\u00fd \u010das \u010d\u00edtania\" \/>\n\t<meta name=\"twitter:data1\" content=\"3 min\u00faty\" \/>\n<script type=\"application\/ld+json\" class=\"yoast-schema-graph\">{\"@context\":\"https:\/\/schema.org\",\"@graph\":[{\"@type\":\"WebPage\",\"@id\":\"https:\/\/www.bytylubica.sk\/\",\"url\":\"https:\/\/www.bytylubica.sk\/\",\"name\":\"hlavn\u00e1 str\u00e1nka - bytylubica\",\"isPartOf\":{\"@id\":\"https:\/\/www.bytylubica.sk\/#website\"},\"datePublished\":\"2022-12-05T11:53:05+00:00\",\"dateModified\":\"2025-06-02T10:17:55+00:00\",\"breadcrumb\":{\"@id\":\"https:\/\/www.bytylubica.sk\/#breadcrumb\"},\"inLanguage\":\"sk-SK\",\"potentialAction\":[{\"@type\":\"ReadAction\",\"target\":[\"https:\/\/www.bytylubica.sk\/\"]}]},{\"@type\":\"BreadcrumbList\",\"@id\":\"https:\/\/www.bytylubica.sk\/#breadcrumb\",\"itemListElement\":[{\"@type\":\"ListItem\",\"position\":1,\"name\":\"Home\",\"item\":\"https:\/\/www.bytylubica.sk\/\"},{\"@type\":\"ListItem\",\"position\":2,\"name\":\"hlavn\u00e1 str\u00e1nka\"}]},{\"@type\":\"WebSite\",\"@id\":\"https:\/\/www.bytylubica.sk\/#website\",\"url\":\"https:\/\/www.bytylubica.sk\/\",\"name\":\"bytylubica\",\"description\":\"\",\"potentialAction\":[{\"@type\":\"SearchAction\",\"target\":{\"@type\":\"EntryPoint\",\"urlTemplate\":\"https:\/\/www.bytylubica.sk\/?s={search_term_string}\"},\"query-input\":\"required name=search_term_string\"}],\"inLanguage\":\"sk-SK\"}]}<\/script>\n<!-- \/ Yoast SEO plugin. -->","yoast_head_json":{"title":"hlavn\u00e1 str\u00e1nka - bytylubica","robots":{"index":"index","follow":"follow","max-snippet":"max-snippet:-1","max-image-preview":"max-image-preview:large","max-video-preview":"max-video-preview:-1"},"canonical":"https:\/\/www.bytylubica.sk\/","og_locale":"sk_SK","og_type":"article","og_title":"hlavn\u00e1 str\u00e1nka - bytylubica","og_description":"[vc_row][vc_column][\/vc_column][\/vc_row][vc_row gap=&#8220;35&#8243; css=&#8220;.vc_custom_1672819617392{padding-top: 200px !important;padding-bottom: 200px !important;}&#8220;][vc_column width=&#8220;1\/2&#8243;][vc_single_image image=&#8220;799&#8243; img_size=&#8220;450&#215;675&#8243; style=&#8220;vc_box_circle_2&#8243;][\/vc_column][vc_column width=&#8220;1\/2&#8243;][vc_column_text] PRE\u010cO B\u00ddVA\u0164 V \u013dUBICI &nbsp; Z\u00a0poh\u013eadu pokojn\u00e9ho b\u00fdvania bl\u00edzkosti pr\u00edrody, dopravnej dostupnosti a kompletnej ob\u010dianskej vybavenosti sa projekt ,,NOV\u00c1 TEHEL\u0147A \u013dUBICA\u201c st\u00e1va ide\u00e1lnou a lukrat\u00edvnou vo\u013ebou pre Va\u0161e nov\u00e9 b\u00fdvanie. [\/vc_column_text][vc_btn title=&#8220;Viac o projekte&#8220; style=&#8220;outline&#8220; shape=&#8220;round&#8220; color=&#8220;black&#8220; size=&#8220;lg&#8220; link=&#8220;url:https%3A%2F%2Fwww.bytylubica.sk%2Findex.php%2Fo-projekte%2F|title:O%20projekte&#8220;][\/vc_column][\/vc_row][vc_row gap=&#8220;35&#8243; css=&#8220;.vc_custom_1746800767516{padding-top: 20px !important;padding-bottom:&hellip;","og_url":"https:\/\/www.bytylubica.sk\/","og_site_name":"bytylubica","article_modified_time":"2025-06-02T10:17:55+00:00","twitter_card":"summary_large_image","twitter_misc":{"Predpokladan\u00fd \u010das \u010d\u00edtania":"3 min\u00faty"},"schema":{"@context":"https:\/\/schema.org","@graph":[{"@type":"WebPage","@id":"https:\/\/www.bytylubica.sk\/","url":"https:\/\/www.bytylubica.sk\/","name":"hlavn\u00e1 str\u00e1nka - bytylubica","isPartOf":{"@id":"https:\/\/www.bytylubica.sk\/#website"},"datePublished":"2022-12-05T11:53:05+00:00","dateModified":"2025-06-02T10:17:55+00:00","breadcrumb":{"@id":"https:\/\/www.bytylubica.sk\/#breadcrumb"},"inLanguage":"sk-SK","potentialAction":[{"@type":"ReadAction","target":["https:\/\/www.bytylubica.sk\/"]}]},{"@type":"BreadcrumbList","@id":"https:\/\/www.bytylubica.sk\/#breadcrumb","itemListElement":[{"@type":"ListItem","position":1,"name":"Home","item":"https:\/\/www.bytylubica.sk\/"},{"@type":"ListItem","position":2,"name":"hlavn\u00e1 str\u00e1nka"}]},{"@type":"WebSite","@id":"https:\/\/www.bytylubica.sk\/#website","url":"https:\/\/www.bytylubica.sk\/","name":"bytylubica","description":"","potentialAction":[{"@type":"SearchAction","target":{"@type":"EntryPoint","urlTemplate":"https:\/\/www.bytylubica.sk\/?s={search_term_string}"},"query-input":"required name=search_term_string"}],"inLanguage":"sk-SK"}]}},"_links":{"self":[{"href":"https:\/\/www.bytylubica.sk\/index.php\/wp-json\/wp\/v2\/pages\/16","targetHints":{"allow":["GET"]}}],"collection":[{"href":"https:\/\/www.bytylubica.sk\/index.php\/wp-json\/wp\/v2\/pages"}],"about":[{"href":"https:\/\/www.bytylubica.sk\/index.php\/wp-json\/wp\/v2\/types\/page"}],"author":[{"embeddable":true,"href":"https:\/\/www.bytylubica.sk\/index.php\/wp-json\/wp\/v2\/users\/1"}],"replies":[{"embeddable":true,"href":"https:\/\/www.bytylubica.sk\/index.php\/wp-json\/wp\/v2\/comments?post=16"}],"version-history":[{"count":106,"href":"https:\/\/www.bytylubica.sk\/index.php\/wp-json\/wp\/v2\/pages\/16\/revisions"}],"predecessor-version":[{"id":2282,"href":"https:\/\/www.bytylubica.sk\/index.php\/wp-json\/wp\/v2\/pages\/16\/revisions\/2282"}],"wp:attachment":[{"href":"https:\/\/www.bytylubica.sk\/index.php\/wp-json\/wp\/v2\/media?parent=16"}],"curies":[{"name":"wp","href":"https:\/\/api.w.org\/{rel}","templated":true}]}}