{"id":1035,"date":"2023-01-04T18:26:10","date_gmt":"2023-01-04T17:26:10","guid":{"rendered":"https:\/\/www.bytylubica.sk\/?page_id=1035"},"modified":"2025-08-08T14:49:31","modified_gmt":"2025-08-08T12:49:31","slug":"galeria-2","status":"publish","type":"page","link":"https:\/\/www.bytylubica.sk\/index.php\/galeria-2\/","title":{"rendered":"Gal\u00e9ria"},"content":{"rendered":"<section class=\"wpb-content-wrapper\"><p>[vc_row full_width=&#8220;stretch_row_content&#8220;][vc_column][vc_empty_space height=&#8220;100&#8243;][vc_column_text]<\/p>\n<h1 style=\"text-align: center;\">Gal\u00e9ria<\/h1>\n<p>[\/vc_column_text][vc_empty_space height=&#8220;100&#8243;][vc_images_carousel images=&#8220;838,837,199,1565,1566,1567,1568,1569,1570,1571,1572,1573,1574,1575,1576,1577,1578,1579,1580,1581,1582,1583,1584,1585,1586,1587,1588,1589,1592,1593,1594,1595,1596,1591,1590,1605,1620,1622,1619,2331,2332,2333,2334,2335,2336,2337,2347,2348,2341,2343,2344,2345,2346,2342,2339,2338,2340&#8243; img_size=&#8220;full&#8220; slides_per_view=&#8220;4&#8243;][vc_empty_space height=&#8220;100&#8243;][\/vc_column][\/vc_row]<\/p>\n<\/section>","protected":false},"excerpt":{"rendered":"<p>[vc_row full_width=&#8220;stretch_row_content&#8220;][vc_column][vc_empty_space height=&#8220;100&#8243;][vc_column_text] Gal\u00e9ria [\/vc_column_text][vc_empty_space height=&#8220;100&#8243;][vc_images_carousel images=&#8220;838,837,199,1565,1566,1567,1568,1569,1570,1571,1572,1573,1574,1575,1576,1577,1578,1579,1580,1581,1582,1583,1584,1585,1586,1587,1588,1589,1592,1593,1594,1595,1596,1591,1590,1605,1620,1622,1619,2331,2332,2333,2334,2335,2336,2337,2347,2348,2341,2343,2344,2345,2346,2342,2339,2338,2340&#8243; img_size=&#8220;full&#8220; slides_per_view=&#8220;4&#8243;][vc_empty_space height=&#8220;100&#8243;][\/vc_column][\/vc_row]<\/p>\n","protected":false},"author":1,"featured_media":0,"parent":0,"menu_order":0,"comment_status":"closed","ping_status":"closed","template":"","meta":{"content-type":"","footnotes":""},"class_list":["post-1035","page","type-page","status-publish","hentry"],"acf":[],"yoast_head":"<!-- This site is optimized with the Yoast SEO plugin v19.11 - https:\/\/yoast.com\/wordpress\/plugins\/seo\/ -->\n<title>Gal\u00e9ria - bytylubica<\/title>\n<meta name=\"robots\" content=\"index, follow, max-snippet:-1, max-image-preview:large, max-video-preview:-1\" \/>\n<link rel=\"canonical\" href=\"https:\/\/www.bytylubica.sk\/index.php\/galeria-2\/\" \/>\n<meta property=\"og:locale\" content=\"sk_SK\" \/>\n<meta property=\"og:type\" content=\"article\" \/>\n<meta property=\"og:title\" content=\"Gal\u00e9ria - bytylubica\" \/>\n<meta property=\"og:description\" content=\"[vc_row full_width=&#8220;stretch_row_content&#8220;][vc_column][vc_empty_space height=&#8220;100&#8243;][vc_column_text] Gal\u00e9ria [\/vc_column_text][vc_empty_space height=&#8220;100&#8243;][vc_images_carousel images=&#8220;838,837,199,1565,1566,1567,1568,1569,1570,1571,1572,1573,1574,1575,1576,1577,1578,1579,1580,1581,1582,1583,1584,1585,1586,1587,1588,1589,1592,1593,1594,1595,1596,1591,1590,1605,1620,1622,1619,2331,2332,2333,2334,2335,2336,2337,2347,2348,2341,2343,2344,2345,2346,2342,2339,2338,2340&#8243; img_size=&#8220;full&#8220; slides_per_view=&#8220;4&#8243;][vc_empty_space height=&#8220;100&#8243;][\/vc_column][\/vc_row]\" \/>\n<meta property=\"og:url\" content=\"https:\/\/www.bytylubica.sk\/index.php\/galeria-2\/\" \/>\n<meta property=\"og:site_name\" content=\"bytylubica\" \/>\n<meta property=\"article:modified_time\" content=\"2025-08-08T12:49:31+00:00\" \/>\n<meta name=\"twitter:card\" content=\"summary_large_image\" \/>\n<meta name=\"twitter:label1\" content=\"Predpokladan\u00fd \u010das \u010d\u00edtania\" \/>\n\t<meta name=\"twitter:data1\" content=\"1 min\u00fata\" \/>\n<script type=\"application\/ld+json\" class=\"yoast-schema-graph\">{\"@context\":\"https:\/\/schema.org\",\"@graph\":[{\"@type\":\"WebPage\",\"@id\":\"https:\/\/www.bytylubica.sk\/index.php\/galeria-2\/\",\"url\":\"https:\/\/www.bytylubica.sk\/index.php\/galeria-2\/\",\"name\":\"Gal\u00e9ria - bytylubica\",\"isPartOf\":{\"@id\":\"https:\/\/www.bytylubica.sk\/#website\"},\"datePublished\":\"2023-01-04T17:26:10+00:00\",\"dateModified\":\"2025-08-08T12:49:31+00:00\",\"breadcrumb\":{\"@id\":\"https:\/\/www.bytylubica.sk\/index.php\/galeria-2\/#breadcrumb\"},\"inLanguage\":\"sk-SK\",\"potentialAction\":[{\"@type\":\"ReadAction\",\"target\":[\"https:\/\/www.bytylubica.sk\/index.php\/galeria-2\/\"]}]},{\"@type\":\"BreadcrumbList\",\"@id\":\"https:\/\/www.bytylubica.sk\/index.php\/galeria-2\/#breadcrumb\",\"itemListElement\":[{\"@type\":\"ListItem\",\"position\":1,\"name\":\"Home\",\"item\":\"https:\/\/www.bytylubica.sk\/\"},{\"@type\":\"ListItem\",\"position\":2,\"name\":\"Gal\u00e9ria\"}]},{\"@type\":\"WebSite\",\"@id\":\"https:\/\/www.bytylubica.sk\/#website\",\"url\":\"https:\/\/www.bytylubica.sk\/\",\"name\":\"bytylubica\",\"description\":\"\",\"potentialAction\":[{\"@type\":\"SearchAction\",\"target\":{\"@type\":\"EntryPoint\",\"urlTemplate\":\"https:\/\/www.bytylubica.sk\/?s={search_term_string}\"},\"query-input\":\"required name=search_term_string\"}],\"inLanguage\":\"sk-SK\"}]}<\/script>\n<!-- \/ Yoast SEO plugin. -->","yoast_head_json":{"title":"Gal\u00e9ria - bytylubica","robots":{"index":"index","follow":"follow","max-snippet":"max-snippet:-1","max-image-preview":"max-image-preview:large","max-video-preview":"max-video-preview:-1"},"canonical":"https:\/\/www.bytylubica.sk\/index.php\/galeria-2\/","og_locale":"sk_SK","og_type":"article","og_title":"Gal\u00e9ria - bytylubica","og_description":"[vc_row full_width=&#8220;stretch_row_content&#8220;][vc_column][vc_empty_space height=&#8220;100&#8243;][vc_column_text] Gal\u00e9ria [\/vc_column_text][vc_empty_space height=&#8220;100&#8243;][vc_images_carousel images=&#8220;838,837,199,1565,1566,1567,1568,1569,1570,1571,1572,1573,1574,1575,1576,1577,1578,1579,1580,1581,1582,1583,1584,1585,1586,1587,1588,1589,1592,1593,1594,1595,1596,1591,1590,1605,1620,1622,1619,2331,2332,2333,2334,2335,2336,2337,2347,2348,2341,2343,2344,2345,2346,2342,2339,2338,2340&#8243; img_size=&#8220;full&#8220; slides_per_view=&#8220;4&#8243;][vc_empty_space height=&#8220;100&#8243;][\/vc_column][\/vc_row]","og_url":"https:\/\/www.bytylubica.sk\/index.php\/galeria-2\/","og_site_name":"bytylubica","article_modified_time":"2025-08-08T12:49:31+00:00","twitter_card":"summary_large_image","twitter_misc":{"Predpokladan\u00fd \u010das \u010d\u00edtania":"1 min\u00fata"},"schema":{"@context":"https:\/\/schema.org","@graph":[{"@type":"WebPage","@id":"https:\/\/www.bytylubica.sk\/index.php\/galeria-2\/","url":"https:\/\/www.bytylubica.sk\/index.php\/galeria-2\/","name":"Gal\u00e9ria - bytylubica","isPartOf":{"@id":"https:\/\/www.bytylubica.sk\/#website"},"datePublished":"2023-01-04T17:26:10+00:00","dateModified":"2025-08-08T12:49:31+00:00","breadcrumb":{"@id":"https:\/\/www.bytylubica.sk\/index.php\/galeria-2\/#breadcrumb"},"inLanguage":"sk-SK","potentialAction":[{"@type":"ReadAction","target":["https:\/\/www.bytylubica.sk\/index.php\/galeria-2\/"]}]},{"@type":"BreadcrumbList","@id":"https:\/\/www.bytylubica.sk\/index.php\/galeria-2\/#breadcrumb","itemListElement":[{"@type":"ListItem","position":1,"name":"Home","item":"https:\/\/www.bytylubica.sk\/"},{"@type":"ListItem","position":2,"name":"Gal\u00e9ria"}]},{"@type":"WebSite","@id":"https:\/\/www.bytylubica.sk\/#website","url":"https:\/\/www.bytylubica.sk\/","name":"bytylubica","description":"","potentialAction":[{"@type":"SearchAction","target":{"@type":"EntryPoint","urlTemplate":"https:\/\/www.bytylubica.sk\/?s={search_term_string}"},"query-input":"required name=search_term_string"}],"inLanguage":"sk-SK"}]}},"_links":{"self":[{"href":"https:\/\/www.bytylubica.sk\/index.php\/wp-json\/wp\/v2\/pages\/1035","targetHints":{"allow":["GET"]}}],"collection":[{"href":"https:\/\/www.bytylubica.sk\/index.php\/wp-json\/wp\/v2\/pages"}],"about":[{"href":"https:\/\/www.bytylubica.sk\/index.php\/wp-json\/wp\/v2\/types\/page"}],"author":[{"embeddable":true,"href":"https:\/\/www.bytylubica.sk\/index.php\/wp-json\/wp\/v2\/users\/1"}],"replies":[{"embeddable":true,"href":"https:\/\/www.bytylubica.sk\/index.php\/wp-json\/wp\/v2\/comments?post=1035"}],"version-history":[{"count":57,"href":"https:\/\/www.bytylubica.sk\/index.php\/wp-json\/wp\/v2\/pages\/1035\/revisions"}],"predecessor-version":[{"id":2363,"href":"https:\/\/www.bytylubica.sk\/index.php\/wp-json\/wp\/v2\/pages\/1035\/revisions\/2363"}],"wp:attachment":[{"href":"https:\/\/www.bytylubica.sk\/index.php\/wp-json\/wp\/v2\/media?parent=1035"}],"curies":[{"name":"wp","href":"https:\/\/api.w.org\/{rel}","templated":true}]}}